{"id":53280,"date":"2026-02-24T12:49:07","date_gmt":"2026-02-24T11:49:07","guid":{"rendered":"https:\/\/imprimeideas.es\/?post_type=product&p=53280"},"modified":"2026-02-26T18:08:20","modified_gmt":"2026-02-26T17:08:20","slug":"caja-lapices-rylard","status":"publish","type":"product","link":"https:\/\/imprimeideas.es\/en\/product\/caja-lapices-rylard\/","title":{"rendered":"Caja L\u00e1pices Rylard"},"content":{"rendered":"<p>Cajas de12 l\u00e1pices de madera acabado blanco, con cuerpo hexagonal y minas en varios colores.  Presentados en estuche de cart\u00f3n con cierre de solapa. Dise\u00f1ado especialmente para grabado digital.<\/p>","protected":false},"excerpt":{"rendered":"<p>12 L\u00e1pices<\/p>","protected":false},"featured_media":81555,"comment_status":"open","ping_status":"open","template":"","meta":{"inline_featured_image":false},"product_brand":[],"product_cat":[2157,100,108],"product_tag":[],"class_list":{"0":"post-53280","1":"product","2":"type-product","3":"status-publish","4":"has-post-thumbnail","6":"product_cat-novedades","7":"product_cat-escritura","8":"product_cat-infantil","10":"first","11":"outofstock","12":"taxable","13":"shipping-taxable","14":"purchasable","15":"product-type-variable","16":"has-default-attributes"},"aioseo_notices":[],"_links":{"self":[{"href":"https:\/\/imprimeideas.es\/en\/wp-json\/wp\/v2\/product\/53280","targetHints":{"allow":["GET"]}}],"collection":[{"href":"https:\/\/imprimeideas.es\/en\/wp-json\/wp\/v2\/product"}],"about":[{"href":"https:\/\/imprimeideas.es\/en\/wp-json\/wp\/v2\/types\/product"}],"replies":[{"embeddable":true,"href":"https:\/\/imprimeideas.es\/en\/wp-json\/wp\/v2\/comments?post=53280"}],"version-history":[{"count":1,"href":"https:\/\/imprimeideas.es\/en\/wp-json\/wp\/v2\/product\/53280\/revisions"}],"predecessor-version":[{"id":58633,"href":"https:\/\/imprimeideas.es\/en\/wp-json\/wp\/v2\/product\/53280\/revisions\/58633"}],"wp:featuredmedia":[{"embeddable":true,"href":"https:\/\/imprimeideas.es\/en\/wp-json\/wp\/v2\/media\/81555"}],"wp:attachment":[{"href":"https:\/\/imprimeideas.es\/en\/wp-json\/wp\/v2\/media?parent=53280"}],"wp:term":[{"taxonomy":"product_brand","embeddable":true,"href":"https:\/\/imprimeideas.es\/en\/wp-json\/wp\/v2\/product_brand?post=53280"},{"taxonomy":"product_cat","embeddable":true,"href":"https:\/\/imprimeideas.es\/en\/wp-json\/wp\/v2\/product_cat?post=53280"},{"taxonomy":"product_tag","embeddable":true,"href":"https:\/\/imprimeideas.es\/en\/wp-json\/wp\/v2\/product_tag?post=53280"}],"curies":[{"name":"wp","href":"https:\/\/api.w.org\/{rel}","templated":true}]}}