{"id":53252,"date":"2026-02-24T12:49:03","date_gmt":"2026-02-24T11:49:03","guid":{"rendered":"https:\/\/imprimeideas.es\/?post_type=product&p=53252"},"modified":"2026-02-26T18:37:32","modified_gmt":"2026-02-26T17:37:32","slug":"taza-termica-gabrion","status":"publish","type":"product","link":"https:\/\/imprimeideas.es\/en\/product\/taza-termica-gabrion\/","title":{"rendered":"Taza T\u00e9rmica Gabrion"},"content":{"rendered":"<p>Jarra t\u00e9rmica en PP Reciclado de doble pared y 900 ml de capacidad. Incluye tapadera con sistema de cierre a presi\u00f3n transl\u00facido y con orificio para beber y tapa deslizante para pajita Incluye asa de transporte ergon\u00f3mica de PP para mayor comodidad. Es ideal para tener en tu escritorio, mesa o en cualquier superficie donde disfrutar tranquilamente de tu bebida favorita. Libre de BPA. Incluye distintivo de PP Reciclado Food Grade.<\/p>","protected":false},"excerpt":{"rendered":"<p>900 ml<\/p>","protected":false},"featured_media":69675,"comment_status":"open","ping_status":"open","template":"","meta":{"inline_featured_image":false},"product_brand":[],"product_cat":[2157,97],"product_tag":[],"class_list":{"0":"post-53252","1":"product","2":"type-product","3":"status-publish","4":"has-post-thumbnail","6":"product_cat-novedades","7":"product_cat-tazas-jarras-y-termos","9":"first","10":"outofstock","11":"taxable","12":"shipping-taxable","13":"purchasable","14":"product-type-variable","15":"has-default-attributes"},"aioseo_notices":[],"_links":{"self":[{"href":"https:\/\/imprimeideas.es\/en\/wp-json\/wp\/v2\/product\/53252","targetHints":{"allow":["GET"]}}],"collection":[{"href":"https:\/\/imprimeideas.es\/en\/wp-json\/wp\/v2\/product"}],"about":[{"href":"https:\/\/imprimeideas.es\/en\/wp-json\/wp\/v2\/types\/product"}],"replies":[{"embeddable":true,"href":"https:\/\/imprimeideas.es\/en\/wp-json\/wp\/v2\/comments?post=53252"}],"version-history":[{"count":1,"href":"https:\/\/imprimeideas.es\/en\/wp-json\/wp\/v2\/product\/53252\/revisions"}],"predecessor-version":[{"id":58586,"href":"https:\/\/imprimeideas.es\/en\/wp-json\/wp\/v2\/product\/53252\/revisions\/58586"}],"wp:featuredmedia":[{"embeddable":true,"href":"https:\/\/imprimeideas.es\/en\/wp-json\/wp\/v2\/media\/69675"}],"wp:attachment":[{"href":"https:\/\/imprimeideas.es\/en\/wp-json\/wp\/v2\/media?parent=53252"}],"wp:term":[{"taxonomy":"product_brand","embeddable":true,"href":"https:\/\/imprimeideas.es\/en\/wp-json\/wp\/v2\/product_brand?post=53252"},{"taxonomy":"product_cat","embeddable":true,"href":"https:\/\/imprimeideas.es\/en\/wp-json\/wp\/v2\/product_cat?post=53252"},{"taxonomy":"product_tag","embeddable":true,"href":"https:\/\/imprimeideas.es\/en\/wp-json\/wp\/v2\/product_tag?post=53252"}],"curies":[{"name":"wp","href":"https:\/\/api.w.org\/{rel}","templated":true}]}}