{"id":53246,"date":"2026-02-24T12:49:02","date_gmt":"2026-02-24T11:49:02","guid":{"rendered":"https:\/\/imprimeideas.es\/?post_type=product&p=53246"},"modified":"2026-02-26T18:32:56","modified_gmt":"2026-02-26T17:32:56","slug":"tarjetero-power-bank-chefler","status":"publish","type":"product","link":"https:\/\/imprimeideas.es\/en\/product\/tarjetero-power-bank-chefler\/","title":{"rendered":"Tarjetero Power Bank Chefler"},"content":{"rendered":"<p>Tarjetero PowerBank fabricado en elegante Aluminio. Con 5 compartimentos, cierre de seguridad y sistema de protecci\u00f3n RFID, dise\u00f1ado para bloquear accesos no autorizados a tarjetas contactless. Cuenta con funcionalidad de bater\u00eda auxiliar con capacidad de 2000 mAh. Salida y entrada en tipo C, cable incluido. Incluye distintivo logotipo RFID.<\/p>","protected":false},"excerpt":{"rendered":"<p>Protector RFID. 5 Compartimentos. 2000 mAh. Salida USB. Salida y Entrada Tipo C<\/p>","protected":false},"featured_media":73627,"comment_status":"open","ping_status":"open","template":"","meta":{"inline_featured_image":false},"product_brand":[],"product_cat":[2157,95],"product_tag":[],"class_list":{"0":"post-53246","1":"product","2":"type-product","3":"status-publish","4":"has-post-thumbnail","6":"product_cat-novedades","7":"product_cat-tecnologia-y-accesorios","9":"first","10":"outofstock","11":"taxable","12":"shipping-taxable","13":"purchasable","14":"product-type-variable","15":"has-default-attributes"},"aioseo_notices":[],"_links":{"self":[{"href":"https:\/\/imprimeideas.es\/en\/wp-json\/wp\/v2\/product\/53246","targetHints":{"allow":["GET"]}}],"collection":[{"href":"https:\/\/imprimeideas.es\/en\/wp-json\/wp\/v2\/product"}],"about":[{"href":"https:\/\/imprimeideas.es\/en\/wp-json\/wp\/v2\/types\/product"}],"replies":[{"embeddable":true,"href":"https:\/\/imprimeideas.es\/en\/wp-json\/wp\/v2\/comments?post=53246"}],"version-history":[{"count":1,"href":"https:\/\/imprimeideas.es\/en\/wp-json\/wp\/v2\/product\/53246\/revisions"}],"predecessor-version":[{"id":58583,"href":"https:\/\/imprimeideas.es\/en\/wp-json\/wp\/v2\/product\/53246\/revisions\/58583"}],"wp:featuredmedia":[{"embeddable":true,"href":"https:\/\/imprimeideas.es\/en\/wp-json\/wp\/v2\/media\/73627"}],"wp:attachment":[{"href":"https:\/\/imprimeideas.es\/en\/wp-json\/wp\/v2\/media?parent=53246"}],"wp:term":[{"taxonomy":"product_brand","embeddable":true,"href":"https:\/\/imprimeideas.es\/en\/wp-json\/wp\/v2\/product_brand?post=53246"},{"taxonomy":"product_cat","embeddable":true,"href":"https:\/\/imprimeideas.es\/en\/wp-json\/wp\/v2\/product_cat?post=53246"},{"taxonomy":"product_tag","embeddable":true,"href":"https:\/\/imprimeideas.es\/en\/wp-json\/wp\/v2\/product_tag?post=53246"}],"curies":[{"name":"wp","href":"https:\/\/api.w.org\/{rel}","templated":true}]}}