{"id":53120,"date":"2026-02-24T12:48:42","date_gmt":"2026-02-24T11:48:42","guid":{"rendered":"https:\/\/imprimeideas.es\/?post_type=product&p=53120"},"modified":"2026-02-26T18:23:25","modified_gmt":"2026-02-26T17:23:25","slug":"camiseta-mujer-cocker","status":"publish","type":"product","link":"https:\/\/imprimeideas.es\/en\/product\/camiseta-mujer-cocker\/","title":{"rendered":"Camiseta Mujer Cocker"},"content":{"rendered":"<p>Camiseta t\u00e9cnica de manga corta rangl\u00e1n, con fit femenino, confeccionada en tejido 100% poli\u00e9ster waffle interlock , incorpora tecnolog\u00eda Cool Dry, que favorece la transpiraci\u00f3n y el secado r\u00e1pido. Dise\u00f1o con mangas rangl\u00e1n y costuras overlock en sisa y mangas. Cuello y cubrecosturas a tono.<\/p>","protected":false},"excerpt":{"rendered":"<p>Transpirable<\/p>","protected":false},"featured_media":74136,"comment_status":"open","ping_status":"open","template":"","meta":{"inline_featured_image":false},"product_brand":[],"product_cat":[2157,116],"product_tag":[],"class_list":{"0":"post-53120","1":"product","2":"type-product","3":"status-publish","4":"has-post-thumbnail","6":"product_cat-novedades","7":"product_cat-textil","9":"first","10":"outofstock","11":"taxable","12":"shipping-taxable","13":"purchasable","14":"product-type-variable","15":"has-default-attributes"},"aioseo_notices":[],"_links":{"self":[{"href":"https:\/\/imprimeideas.es\/en\/wp-json\/wp\/v2\/product\/53120","targetHints":{"allow":["GET"]}}],"collection":[{"href":"https:\/\/imprimeideas.es\/en\/wp-json\/wp\/v2\/product"}],"about":[{"href":"https:\/\/imprimeideas.es\/en\/wp-json\/wp\/v2\/types\/product"}],"replies":[{"embeddable":true,"href":"https:\/\/imprimeideas.es\/en\/wp-json\/wp\/v2\/comments?post=53120"}],"version-history":[{"count":1,"href":"https:\/\/imprimeideas.es\/en\/wp-json\/wp\/v2\/product\/53120\/revisions"}],"predecessor-version":[{"id":58575,"href":"https:\/\/imprimeideas.es\/en\/wp-json\/wp\/v2\/product\/53120\/revisions\/58575"}],"wp:featuredmedia":[{"embeddable":true,"href":"https:\/\/imprimeideas.es\/en\/wp-json\/wp\/v2\/media\/74136"}],"wp:attachment":[{"href":"https:\/\/imprimeideas.es\/en\/wp-json\/wp\/v2\/media?parent=53120"}],"wp:term":[{"taxonomy":"product_brand","embeddable":true,"href":"https:\/\/imprimeideas.es\/en\/wp-json\/wp\/v2\/product_brand?post=53120"},{"taxonomy":"product_cat","embeddable":true,"href":"https:\/\/imprimeideas.es\/en\/wp-json\/wp\/v2\/product_cat?post=53120"},{"taxonomy":"product_tag","embeddable":true,"href":"https:\/\/imprimeideas.es\/en\/wp-json\/wp\/v2\/product_tag?post=53120"}],"curies":[{"name":"wp","href":"https:\/\/api.w.org\/{rel}","templated":true}]}}