{"id":53089,"date":"2026-02-24T12:48:37","date_gmt":"2026-02-24T11:48:37","guid":{"rendered":"https:\/\/imprimeideas.es\/?post_type=product&p=53089"},"modified":"2026-02-26T18:03:06","modified_gmt":"2026-02-26T17:03:06","slug":"polo-mujer-tecnic-plus","status":"publish","type":"product","link":"https:\/\/imprimeideas.es\/en\/product\/polo-mujer-tecnic-plus\/","title":{"rendered":"Polo Mujer Tecnic Plus"},"content":{"rendered":"<p>Polo entallado de manga corta, con fit femenino, confeccionado en tejido t\u00e9cnico 100% poli\u00e9ster de 180 g\/m\u00b2. Suave, ligero y c\u00f3modo, incorpora tecnolog\u00eda Cool Dry, que favorece la transpiraci\u00f3n y mantiene una sensaci\u00f3n fresca y seca durante su uso. Con tapeta de tres botones a tono y aberturas laterales.<\/p>","protected":false},"excerpt":{"rendered":"<p>Transpirable<\/p>","protected":false},"featured_media":75586,"comment_status":"open","ping_status":"open","template":"","meta":{"inline_featured_image":false},"product_brand":[],"product_cat":[2157,116],"product_tag":[],"class_list":{"0":"post-53089","1":"product","2":"type-product","3":"status-publish","4":"has-post-thumbnail","6":"product_cat-novedades","7":"product_cat-textil","9":"first","10":"outofstock","11":"taxable","12":"shipping-taxable","13":"purchasable","14":"product-type-variable","15":"has-default-attributes"},"aioseo_notices":[],"_links":{"self":[{"href":"https:\/\/imprimeideas.es\/en\/wp-json\/wp\/v2\/product\/53089","targetHints":{"allow":["GET"]}}],"collection":[{"href":"https:\/\/imprimeideas.es\/en\/wp-json\/wp\/v2\/product"}],"about":[{"href":"https:\/\/imprimeideas.es\/en\/wp-json\/wp\/v2\/types\/product"}],"replies":[{"embeddable":true,"href":"https:\/\/imprimeideas.es\/en\/wp-json\/wp\/v2\/comments?post=53089"}],"version-history":[{"count":1,"href":"https:\/\/imprimeideas.es\/en\/wp-json\/wp\/v2\/product\/53089\/revisions"}],"predecessor-version":[{"id":58574,"href":"https:\/\/imprimeideas.es\/en\/wp-json\/wp\/v2\/product\/53089\/revisions\/58574"}],"wp:featuredmedia":[{"embeddable":true,"href":"https:\/\/imprimeideas.es\/en\/wp-json\/wp\/v2\/media\/75586"}],"wp:attachment":[{"href":"https:\/\/imprimeideas.es\/en\/wp-json\/wp\/v2\/media?parent=53089"}],"wp:term":[{"taxonomy":"product_brand","embeddable":true,"href":"https:\/\/imprimeideas.es\/en\/wp-json\/wp\/v2\/product_brand?post=53089"},{"taxonomy":"product_cat","embeddable":true,"href":"https:\/\/imprimeideas.es\/en\/wp-json\/wp\/v2\/product_cat?post=53089"},{"taxonomy":"product_tag","embeddable":true,"href":"https:\/\/imprimeideas.es\/en\/wp-json\/wp\/v2\/product_tag?post=53089"}],"curies":[{"name":"wp","href":"https:\/\/api.w.org\/{rel}","templated":true}]}}