{"id":53068,"date":"2026-02-24T12:48:34","date_gmt":"2026-02-24T11:48:34","guid":{"rendered":"https:\/\/imprimeideas.es\/?post_type=product&p=53068"},"modified":"2026-02-26T18:19:18","modified_gmt":"2026-02-26T17:19:18","slug":"polo-nino-tecnic-plus","status":"publish","type":"product","link":"https:\/\/imprimeideas.es\/en\/product\/polo-nino-tecnic-plus\/","title":{"rendered":"Polo Ni\u00f1o Tecnic Plus"},"content":{"rendered":"<p>Polo infantil de manga corta, confeccionado en tejido t\u00e9cnico 100% poli\u00e9ster de 180 g\/m\u00b2. Suave, ligero y c\u00f3modo, incorpora tecnolog\u00eda Cool Dry, que favorece la transpiraci\u00f3n y mantiene una sensaci\u00f3n fresca y seca durante su uso. Con tapeta de dos botones a tono y aberturas laterales.<\/p>","protected":false},"excerpt":{"rendered":"<p>Transpirable<\/p>","protected":false},"featured_media":53977,"comment_status":"open","ping_status":"open","template":"","meta":{"inline_featured_image":false},"product_brand":[],"product_cat":[2157,116],"product_tag":[],"class_list":{"0":"post-53068","1":"product","2":"type-product","3":"status-publish","4":"has-post-thumbnail","6":"product_cat-novedades","7":"product_cat-textil","9":"first","10":"outofstock","11":"taxable","12":"shipping-taxable","13":"purchasable","14":"product-type-variable","15":"has-default-attributes"},"aioseo_notices":[],"_links":{"self":[{"href":"https:\/\/imprimeideas.es\/en\/wp-json\/wp\/v2\/product\/53068","targetHints":{"allow":["GET"]}}],"collection":[{"href":"https:\/\/imprimeideas.es\/en\/wp-json\/wp\/v2\/product"}],"about":[{"href":"https:\/\/imprimeideas.es\/en\/wp-json\/wp\/v2\/types\/product"}],"replies":[{"embeddable":true,"href":"https:\/\/imprimeideas.es\/en\/wp-json\/wp\/v2\/comments?post=53068"}],"version-history":[{"count":1,"href":"https:\/\/imprimeideas.es\/en\/wp-json\/wp\/v2\/product\/53068\/revisions"}],"predecessor-version":[{"id":58573,"href":"https:\/\/imprimeideas.es\/en\/wp-json\/wp\/v2\/product\/53068\/revisions\/58573"}],"wp:featuredmedia":[{"embeddable":true,"href":"https:\/\/imprimeideas.es\/en\/wp-json\/wp\/v2\/media\/53977"}],"wp:attachment":[{"href":"https:\/\/imprimeideas.es\/en\/wp-json\/wp\/v2\/media?parent=53068"}],"wp:term":[{"taxonomy":"product_brand","embeddable":true,"href":"https:\/\/imprimeideas.es\/en\/wp-json\/wp\/v2\/product_brand?post=53068"},{"taxonomy":"product_cat","embeddable":true,"href":"https:\/\/imprimeideas.es\/en\/wp-json\/wp\/v2\/product_cat?post=53068"},{"taxonomy":"product_tag","embeddable":true,"href":"https:\/\/imprimeideas.es\/en\/wp-json\/wp\/v2\/product_tag?post=53068"}],"curies":[{"name":"wp","href":"https:\/\/api.w.org\/{rel}","templated":true}]}}