{"id":52879,"date":"2026-02-24T12:48:05","date_gmt":"2026-02-24T11:48:05","guid":{"rendered":"https:\/\/imprimeideas.es\/?post_type=product&p=52879"},"modified":"2026-02-26T18:19:41","modified_gmt":"2026-02-26T17:19:41","slug":"sudadera-adulto-galaxy","status":"publish","type":"product","link":"https:\/\/imprimeideas.es\/en\/product\/sudadera-adulto-galaxy\/","title":{"rendered":"Sudadera Adulto Galaxy"},"content":{"rendered":"<p>Sudadera unisex con media cremallera en algod\u00f3n y poliester en suave felpa perchada 280 g\/m2. Cuello alto doble forrado. Cremallera a tono con tirador. Pu\u00f1os y cinturilla en punto canal\u00e9 1&#215;1 con elastano, para un ajuste c\u00f3modo y duradero. Con costura lateral.<\/p>","protected":false},"excerpt":{"rendered":"<p>Sudadera unisex con media cremallera en algod\u00f3n y poliester en suave felpa perchada 280 g\/m2. Cuello alto doble forrado. Cremallera<\/p>","protected":false},"featured_media":62449,"comment_status":"open","ping_status":"open","template":"","meta":{"inline_featured_image":false},"product_brand":[],"product_cat":[2157,116],"product_tag":[],"class_list":{"0":"post-52879","1":"product","2":"type-product","3":"status-publish","4":"has-post-thumbnail","6":"product_cat-novedades","7":"product_cat-textil","9":"first","10":"outofstock","11":"taxable","12":"shipping-taxable","13":"purchasable","14":"product-type-variable","15":"has-default-attributes"},"aioseo_notices":[],"_links":{"self":[{"href":"https:\/\/imprimeideas.es\/en\/wp-json\/wp\/v2\/product\/52879","targetHints":{"allow":["GET"]}}],"collection":[{"href":"https:\/\/imprimeideas.es\/en\/wp-json\/wp\/v2\/product"}],"about":[{"href":"https:\/\/imprimeideas.es\/en\/wp-json\/wp\/v2\/types\/product"}],"replies":[{"embeddable":true,"href":"https:\/\/imprimeideas.es\/en\/wp-json\/wp\/v2\/comments?post=52879"}],"version-history":[{"count":1,"href":"https:\/\/imprimeideas.es\/en\/wp-json\/wp\/v2\/product\/52879\/revisions"}],"predecessor-version":[{"id":58565,"href":"https:\/\/imprimeideas.es\/en\/wp-json\/wp\/v2\/product\/52879\/revisions\/58565"}],"wp:featuredmedia":[{"embeddable":true,"href":"https:\/\/imprimeideas.es\/en\/wp-json\/wp\/v2\/media\/62449"}],"wp:attachment":[{"href":"https:\/\/imprimeideas.es\/en\/wp-json\/wp\/v2\/media?parent=52879"}],"wp:term":[{"taxonomy":"product_brand","embeddable":true,"href":"https:\/\/imprimeideas.es\/en\/wp-json\/wp\/v2\/product_brand?post=52879"},{"taxonomy":"product_cat","embeddable":true,"href":"https:\/\/imprimeideas.es\/en\/wp-json\/wp\/v2\/product_cat?post=52879"},{"taxonomy":"product_tag","embeddable":true,"href":"https:\/\/imprimeideas.es\/en\/wp-json\/wp\/v2\/product_tag?post=52879"}],"curies":[{"name":"wp","href":"https:\/\/api.w.org\/{rel}","templated":true}]}}