{"id":52864,"date":"2026-02-24T12:48:03","date_gmt":"2026-02-24T11:48:03","guid":{"rendered":"https:\/\/imprimeideas.es\/?post_type=product&p=52864"},"modified":"2026-02-26T18:33:06","modified_gmt":"2026-02-26T17:33:06","slug":"boligrafo-baray","status":"publish","type":"product","link":"https:\/\/imprimeideas.es\/en\/product\/boligrafo-baray\/","title":{"rendered":"Bol\u00edgrafo Baray"},"content":{"rendered":"<p>Exclusivo set de bol\u00edgrafo  la m\u00e1s alta gama. Un complemento moderno, funcional de gran belleza que sobrepasa todas las expectativas. Caracterizado por su elegante y minimalista dise\u00f1o, as\u00ed como su calidad premium en resistente y duradero acero inox, en perfecta sinton\u00eda con el aluminio. Bol\u00edgrafo con sofisticado sistema de apertura giratoria . Empu\u00f1aduras de dise\u00f1o hexagonal en colores metalizados mate y parte superior cil\u00edndrica de sofisticado color antracita brillo con clip met\u00e1lico, de tinta azul y recargables.<\/p>","protected":false},"excerpt":{"rendered":"<p>Exclusivo set de bol\u00edgrafo la m\u00e1s alta gama. Un complemento moderno, funcional de gran belleza que sobrepasa todas las expectativas.<\/p>","protected":false},"featured_media":63981,"comment_status":"open","ping_status":"open","template":"","meta":{"inline_featured_image":false},"product_brand":[],"product_cat":[2157,100],"product_tag":[],"class_list":{"0":"post-52864","1":"product","2":"type-product","3":"status-publish","4":"has-post-thumbnail","6":"product_cat-novedades","7":"product_cat-escritura","9":"first","10":"outofstock","11":"taxable","12":"shipping-taxable","13":"purchasable","14":"product-type-variable","15":"has-default-attributes"},"aioseo_notices":[],"_links":{"self":[{"href":"https:\/\/imprimeideas.es\/en\/wp-json\/wp\/v2\/product\/52864","targetHints":{"allow":["GET"]}}],"collection":[{"href":"https:\/\/imprimeideas.es\/en\/wp-json\/wp\/v2\/product"}],"about":[{"href":"https:\/\/imprimeideas.es\/en\/wp-json\/wp\/v2\/types\/product"}],"replies":[{"embeddable":true,"href":"https:\/\/imprimeideas.es\/en\/wp-json\/wp\/v2\/comments?post=52864"}],"version-history":[{"count":1,"href":"https:\/\/imprimeideas.es\/en\/wp-json\/wp\/v2\/product\/52864\/revisions"}],"predecessor-version":[{"id":58578,"href":"https:\/\/imprimeideas.es\/en\/wp-json\/wp\/v2\/product\/52864\/revisions\/58578"}],"wp:featuredmedia":[{"embeddable":true,"href":"https:\/\/imprimeideas.es\/en\/wp-json\/wp\/v2\/media\/63981"}],"wp:attachment":[{"href":"https:\/\/imprimeideas.es\/en\/wp-json\/wp\/v2\/media?parent=52864"}],"wp:term":[{"taxonomy":"product_brand","embeddable":true,"href":"https:\/\/imprimeideas.es\/en\/wp-json\/wp\/v2\/product_brand?post=52864"},{"taxonomy":"product_cat","embeddable":true,"href":"https:\/\/imprimeideas.es\/en\/wp-json\/wp\/v2\/product_cat?post=52864"},{"taxonomy":"product_tag","embeddable":true,"href":"https:\/\/imprimeideas.es\/en\/wp-json\/wp\/v2\/product_tag?post=52864"}],"curies":[{"name":"wp","href":"https:\/\/api.w.org\/{rel}","templated":true}]}}