{"id":52862,"date":"2026-02-24T12:48:03","date_gmt":"2026-02-24T11:48:03","guid":{"rendered":"https:\/\/imprimeideas.es\/?post_type=product&p=52862"},"modified":"2026-02-26T18:03:10","modified_gmt":"2026-02-26T17:03:10","slug":"set-juegos-londox","status":"publish","type":"product","link":"https:\/\/imprimeideas.es\/en\/product\/set-juegos-londox\/","title":{"rendered":"Set Juegos Londox"},"content":{"rendered":"<p>Set de juegos con acabado en bamb\u00fa y dise\u00f1o en forma de tablero de ajedrez. Incluye cierre de seguridad, juego de ajedrez, dados y  cartas de p\u00f3ker. Presentado en un elegante estuche con tablero de ajedrez y un interior de espuma troquelada.<\/p>","protected":false},"excerpt":{"rendered":"<p>3 Juegos<\/p>","protected":false},"featured_media":71922,"comment_status":"open","ping_status":"open","template":"","meta":{"inline_featured_image":false},"product_brand":[],"product_cat":[2157,106],"product_tag":[],"class_list":{"0":"post-52862","1":"product","2":"type-product","3":"status-publish","4":"has-post-thumbnail","6":"product_cat-novedades","7":"product_cat-regalos-y-premiums","9":"first","10":"outofstock","11":"taxable","12":"shipping-taxable","13":"purchasable","14":"product-type-variable","15":"has-default-attributes"},"aioseo_notices":[],"_links":{"self":[{"href":"https:\/\/imprimeideas.es\/en\/wp-json\/wp\/v2\/product\/52862","targetHints":{"allow":["GET"]}}],"collection":[{"href":"https:\/\/imprimeideas.es\/en\/wp-json\/wp\/v2\/product"}],"about":[{"href":"https:\/\/imprimeideas.es\/en\/wp-json\/wp\/v2\/types\/product"}],"replies":[{"embeddable":true,"href":"https:\/\/imprimeideas.es\/en\/wp-json\/wp\/v2\/comments?post=52862"}],"version-history":[{"count":1,"href":"https:\/\/imprimeideas.es\/en\/wp-json\/wp\/v2\/product\/52862\/revisions"}],"predecessor-version":[{"id":58563,"href":"https:\/\/imprimeideas.es\/en\/wp-json\/wp\/v2\/product\/52862\/revisions\/58563"}],"wp:featuredmedia":[{"embeddable":true,"href":"https:\/\/imprimeideas.es\/en\/wp-json\/wp\/v2\/media\/71922"}],"wp:attachment":[{"href":"https:\/\/imprimeideas.es\/en\/wp-json\/wp\/v2\/media?parent=52862"}],"wp:term":[{"taxonomy":"product_brand","embeddable":true,"href":"https:\/\/imprimeideas.es\/en\/wp-json\/wp\/v2\/product_brand?post=52862"},{"taxonomy":"product_cat","embeddable":true,"href":"https:\/\/imprimeideas.es\/en\/wp-json\/wp\/v2\/product_cat?post=52862"},{"taxonomy":"product_tag","embeddable":true,"href":"https:\/\/imprimeideas.es\/en\/wp-json\/wp\/v2\/product_tag?post=52862"}],"curies":[{"name":"wp","href":"https:\/\/api.w.org\/{rel}","templated":true}]}}