{"id":52813,"date":"2026-02-24T12:47:55","date_gmt":"2026-02-24T11:47:55","guid":{"rendered":"https:\/\/imprimeideas.es\/?post_type=product&p=52813"},"modified":"2026-02-26T18:23:19","modified_gmt":"2026-02-26T17:23:19","slug":"mochila-zagros","status":"publish","type":"product","link":"https:\/\/imprimeideas.es\/en\/product\/mochila-zagros\/","title":{"rendered":"Mochila Zagros"},"content":{"rendered":"<p>Mochila multifunci\u00f3n fabricada en poli\u00e9ster 600D RPET. Cuenta con una excelente transpirabilidad en la zona trasera y en la cinta para los hombros, facilitando la disipaci\u00f3n del calor gracias a sus cintas y respaldo acolchados. Las cintas anchas est\u00e1n dise\u00f1adas para aliviar la presi\u00f3n en los hombros, permitiendo llevar la mochila c\u00f3modamente durante largos periodos.Perfecta para cualquier situaci\u00f3n por tener m\u00faltiples compartimentos.Bolsillo principal para guardar ropa y\/o complementos con organizador en su interior, y dos m\u00e1s acolchados, perfectos para llevar port\u00e1til de hasta 15 pulgadas.2 compartimentos frontales, y un bolsillo antirrobo, Adem\u00e1s, cuenta con un bolsillo lateral perfecto para tener acceso r\u00e1pido. Perfecta para viajes o para el d\u00eda a d\u00eda por sus cintas ajustables, adapt\u00e1ndose a todo estilo de vida.<\/p>","protected":false},"excerpt":{"rendered":"<p>Bolsillo Acolchado para Port\u00e1til. Parte Trasera y Cintas Acolchadas<\/p>","protected":false},"featured_media":69000,"comment_status":"open","ping_status":"open","template":"","meta":{"inline_featured_image":false},"product_brand":[],"product_cat":[2157,94],"product_tag":[],"class_list":{"0":"post-52813","1":"product","2":"type-product","3":"status-publish","4":"has-post-thumbnail","6":"product_cat-novedades","7":"product_cat-mochilas","9":"first","10":"outofstock","11":"taxable","12":"shipping-taxable","13":"purchasable","14":"product-type-variable","15":"has-default-attributes"},"aioseo_notices":[],"_links":{"self":[{"href":"https:\/\/imprimeideas.es\/en\/wp-json\/wp\/v2\/product\/52813","targetHints":{"allow":["GET"]}}],"collection":[{"href":"https:\/\/imprimeideas.es\/en\/wp-json\/wp\/v2\/product"}],"about":[{"href":"https:\/\/imprimeideas.es\/en\/wp-json\/wp\/v2\/types\/product"}],"replies":[{"embeddable":true,"href":"https:\/\/imprimeideas.es\/en\/wp-json\/wp\/v2\/comments?post=52813"}],"version-history":[{"count":1,"href":"https:\/\/imprimeideas.es\/en\/wp-json\/wp\/v2\/product\/52813\/revisions"}],"predecessor-version":[{"id":58550,"href":"https:\/\/imprimeideas.es\/en\/wp-json\/wp\/v2\/product\/52813\/revisions\/58550"}],"wp:featuredmedia":[{"embeddable":true,"href":"https:\/\/imprimeideas.es\/en\/wp-json\/wp\/v2\/media\/69000"}],"wp:attachment":[{"href":"https:\/\/imprimeideas.es\/en\/wp-json\/wp\/v2\/media?parent=52813"}],"wp:term":[{"taxonomy":"product_brand","embeddable":true,"href":"https:\/\/imprimeideas.es\/en\/wp-json\/wp\/v2\/product_brand?post=52813"},{"taxonomy":"product_cat","embeddable":true,"href":"https:\/\/imprimeideas.es\/en\/wp-json\/wp\/v2\/product_cat?post=52813"},{"taxonomy":"product_tag","embeddable":true,"href":"https:\/\/imprimeideas.es\/en\/wp-json\/wp\/v2\/product_tag?post=52813"}],"curies":[{"name":"wp","href":"https:\/\/api.w.org\/{rel}","templated":true}]}}