{"id":52809,"date":"2026-02-24T12:47:55","date_gmt":"2026-02-24T11:47:55","guid":{"rendered":"https:\/\/imprimeideas.es\/?post_type=product&p=52809"},"modified":"2026-02-26T18:37:32","modified_gmt":"2026-02-26T17:37:32","slug":"vaso-termico-vinson","status":"publish","type":"product","link":"https:\/\/imprimeideas.es\/en\/product\/vaso-termico-vinson\/","title":{"rendered":"Vaso T\u00e9rmico Vinson"},"content":{"rendered":"<p>Vaso t\u00e9rmico fabricado en acero inox reciclado de doble pared y 650 ml de capacidad. Cuenta con doble sistema de bebida: orificio con cierre herm\u00e9tico y pajita integrada, adapt\u00e1ndose a las preferencias de uso. Cuenta con tap\u00f3n para cierre herm\u00e9tico cuando se extrae la pajita. Es ideal para tener en tu escritorio, mesa o en cualquier superficie donde disfrutar tranquilamente de tu bebida favorita. Con logotipo Acero Inox Reciclado.<\/p>","protected":false},"excerpt":{"rendered":"<p>650 ml<\/p>","protected":false},"featured_media":80524,"comment_status":"open","ping_status":"open","template":"","meta":{"inline_featured_image":false},"product_brand":[],"product_cat":[2157,97],"product_tag":[],"class_list":{"0":"post-52809","1":"product","2":"type-product","3":"status-publish","4":"has-post-thumbnail","6":"product_cat-novedades","7":"product_cat-tazas-jarras-y-termos","9":"first","10":"instock","11":"taxable","12":"shipping-taxable","13":"purchasable","14":"product-type-variable","15":"has-default-attributes"},"aioseo_notices":[],"_links":{"self":[{"href":"https:\/\/imprimeideas.es\/en\/wp-json\/wp\/v2\/product\/52809","targetHints":{"allow":["GET"]}}],"collection":[{"href":"https:\/\/imprimeideas.es\/en\/wp-json\/wp\/v2\/product"}],"about":[{"href":"https:\/\/imprimeideas.es\/en\/wp-json\/wp\/v2\/types\/product"}],"replies":[{"embeddable":true,"href":"https:\/\/imprimeideas.es\/en\/wp-json\/wp\/v2\/comments?post=52809"}],"version-history":[{"count":1,"href":"https:\/\/imprimeideas.es\/en\/wp-json\/wp\/v2\/product\/52809\/revisions"}],"predecessor-version":[{"id":58549,"href":"https:\/\/imprimeideas.es\/en\/wp-json\/wp\/v2\/product\/52809\/revisions\/58549"}],"wp:featuredmedia":[{"embeddable":true,"href":"https:\/\/imprimeideas.es\/en\/wp-json\/wp\/v2\/media\/80524"}],"wp:attachment":[{"href":"https:\/\/imprimeideas.es\/en\/wp-json\/wp\/v2\/media?parent=52809"}],"wp:term":[{"taxonomy":"product_brand","embeddable":true,"href":"https:\/\/imprimeideas.es\/en\/wp-json\/wp\/v2\/product_brand?post=52809"},{"taxonomy":"product_cat","embeddable":true,"href":"https:\/\/imprimeideas.es\/en\/wp-json\/wp\/v2\/product_cat?post=52809"},{"taxonomy":"product_tag","embeddable":true,"href":"https:\/\/imprimeideas.es\/en\/wp-json\/wp\/v2\/product_tag?post=52809"}],"curies":[{"name":"wp","href":"https:\/\/api.w.org\/{rel}","templated":true}]}}