{"id":52803,"date":"2026-02-24T12:47:54","date_gmt":"2026-02-24T11:47:54","guid":{"rendered":"https:\/\/imprimeideas.es\/?post_type=product&p=52803"},"modified":"2026-02-26T18:32:56","modified_gmt":"2026-02-26T17:32:56","slug":"trolley-loire","status":"publish","type":"product","link":"https:\/\/imprimeideas.es\/en\/product\/trolley-loire\/","title":{"rendered":"Trolley Loire"},"content":{"rendered":"<p>Pr\u00e1ctico trolley de 4 ruedas giratorias extra\u00edbles, en r\u00edgido ABS. Cierre de cremallera de doble tirador. Interior con compartimentos y diversos. Gracias a su tama\u00f1o compacto y a la extracci\u00f3n de las ruedas llevar un trolley como equipaje de manos no ser\u00e1 un problema. Incluye bolsa para guardar las ruedas.<\/p>","protected":false},"excerpt":{"rendered":"<p>R\u00edgido. 8 Ruedas Giratorias y Extra\u00edbles<\/p>","protected":false},"featured_media":62855,"comment_status":"open","ping_status":"open","template":"","meta":{"inline_featured_image":false},"product_brand":[],"product_cat":[2157,103],"product_tag":[],"class_list":{"0":"post-52803","1":"product","2":"type-product","3":"status-publish","4":"has-post-thumbnail","6":"product_cat-novedades","7":"product_cat-viaje","9":"first","10":"instock","11":"taxable","12":"shipping-taxable","13":"purchasable","14":"product-type-variable","15":"has-default-attributes"},"aioseo_notices":[],"_links":{"self":[{"href":"https:\/\/imprimeideas.es\/en\/wp-json\/wp\/v2\/product\/52803","targetHints":{"allow":["GET"]}}],"collection":[{"href":"https:\/\/imprimeideas.es\/en\/wp-json\/wp\/v2\/product"}],"about":[{"href":"https:\/\/imprimeideas.es\/en\/wp-json\/wp\/v2\/types\/product"}],"replies":[{"embeddable":true,"href":"https:\/\/imprimeideas.es\/en\/wp-json\/wp\/v2\/comments?post=52803"}],"version-history":[{"count":1,"href":"https:\/\/imprimeideas.es\/en\/wp-json\/wp\/v2\/product\/52803\/revisions"}],"predecessor-version":[{"id":58545,"href":"https:\/\/imprimeideas.es\/en\/wp-json\/wp\/v2\/product\/52803\/revisions\/58545"}],"wp:featuredmedia":[{"embeddable":true,"href":"https:\/\/imprimeideas.es\/en\/wp-json\/wp\/v2\/media\/62855"}],"wp:attachment":[{"href":"https:\/\/imprimeideas.es\/en\/wp-json\/wp\/v2\/media?parent=52803"}],"wp:term":[{"taxonomy":"product_brand","embeddable":true,"href":"https:\/\/imprimeideas.es\/en\/wp-json\/wp\/v2\/product_brand?post=52803"},{"taxonomy":"product_cat","embeddable":true,"href":"https:\/\/imprimeideas.es\/en\/wp-json\/wp\/v2\/product_cat?post=52803"},{"taxonomy":"product_tag","embeddable":true,"href":"https:\/\/imprimeideas.es\/en\/wp-json\/wp\/v2\/product_tag?post=52803"}],"curies":[{"name":"wp","href":"https:\/\/api.w.org\/{rel}","templated":true}]}}