{"id":52795,"date":"2026-02-24T12:47:53","date_gmt":"2026-02-24T11:47:53","guid":{"rendered":"https:\/\/imprimeideas.es\/?post_type=product&p=52795"},"modified":"2026-02-26T18:23:19","modified_gmt":"2026-02-26T17:23:19","slug":"lapicero-portanotas-trigris","status":"publish","type":"product","link":"https:\/\/imprimeideas.es\/en\/product\/lapicero-portanotas-trigris\/","title":{"rendered":"Lapicero Portanotas Trigris"},"content":{"rendered":"<p>Original lapicero portanotas plegable en forma de cubo fabricado en cart\u00f3n reciclado. Desplegado presenta funci\u00f3n de escritorio port\u00e1til en el que ofrece un espacio para almacenar bol\u00edgrafos. Incluye 125 mininotas adhesivas de diferentes colores (amarillo, rosa, azul, verde y naranja). 50 notas adhesivas amarillas y 250 hojas de colores (50 por color: blanco, azul, amarillo, verde y rosa). Ideal para transportar y tener en tu lugar de trabajo gracias a su tama\u00f1o compacto y a su amplia funcionalidad.<\/p>","protected":false},"excerpt":{"rendered":"<p>250 Hojas 7,5 x 7,5 cm. 50 Notas Adhesivas 5 x 7,5 cm. 125 Mininotas Adhesivas 1,3 x 4,4 cm<\/p>","protected":false},"featured_media":84242,"comment_status":"open","ping_status":"open","template":"","meta":{"inline_featured_image":false},"product_brand":[],"product_cat":[96],"product_tag":[],"class_list":{"0":"post-52795","1":"product","2":"type-product","3":"status-publish","4":"has-post-thumbnail","6":"product_cat-oficina-y-negocios","8":"first","9":"outofstock","10":"taxable","11":"shipping-taxable","12":"purchasable","13":"product-type-variable","14":"has-default-attributes"},"aioseo_notices":[],"_links":{"self":[{"href":"https:\/\/imprimeideas.es\/en\/wp-json\/wp\/v2\/product\/52795","targetHints":{"allow":["GET"]}}],"collection":[{"href":"https:\/\/imprimeideas.es\/en\/wp-json\/wp\/v2\/product"}],"about":[{"href":"https:\/\/imprimeideas.es\/en\/wp-json\/wp\/v2\/types\/product"}],"replies":[{"embeddable":true,"href":"https:\/\/imprimeideas.es\/en\/wp-json\/wp\/v2\/comments?post=52795"}],"version-history":[{"count":1,"href":"https:\/\/imprimeideas.es\/en\/wp-json\/wp\/v2\/product\/52795\/revisions"}],"predecessor-version":[{"id":58541,"href":"https:\/\/imprimeideas.es\/en\/wp-json\/wp\/v2\/product\/52795\/revisions\/58541"}],"wp:featuredmedia":[{"embeddable":true,"href":"https:\/\/imprimeideas.es\/en\/wp-json\/wp\/v2\/media\/84242"}],"wp:attachment":[{"href":"https:\/\/imprimeideas.es\/en\/wp-json\/wp\/v2\/media?parent=52795"}],"wp:term":[{"taxonomy":"product_brand","embeddable":true,"href":"https:\/\/imprimeideas.es\/en\/wp-json\/wp\/v2\/product_brand?post=52795"},{"taxonomy":"product_cat","embeddable":true,"href":"https:\/\/imprimeideas.es\/en\/wp-json\/wp\/v2\/product_cat?post=52795"},{"taxonomy":"product_tag","embeddable":true,"href":"https:\/\/imprimeideas.es\/en\/wp-json\/wp\/v2\/product_tag?post=52795"}],"curies":[{"name":"wp","href":"https:\/\/api.w.org\/{rel}","templated":true}]}}