{"id":52793,"date":"2026-02-24T12:47:52","date_gmt":"2026-02-24T11:47:52","guid":{"rendered":"https:\/\/imprimeideas.es\/?post_type=product&p=52793"},"modified":"2026-02-26T18:23:25","modified_gmt":"2026-02-26T17:23:25","slug":"carpeta-ganges","status":"publish","type":"product","link":"https:\/\/imprimeideas.es\/en\/product\/carpeta-ganges\/","title":{"rendered":"Carpeta Ganges"},"content":{"rendered":"<p>Carpeta en tama\u00f1o A4 fabricada en corcho con cierre magn\u00e9tico. Ofrece m\u00faltiples funcionalidades. Bloc de notas con 20 hojas blancas a disposici\u00f3n en raya, sujetada a trav\u00e9s de un bolsillo interior. Interior con 4 compartimentos; uno para guardar el smartphone, y otros dos para tener a mano tus esenciales. Adem\u00e1s, incluye un bolsillo extensible y un porta bol\u00edgrafos. Elaborada con elementos vegetales para as\u00ed fomentar la utilizaci\u00f3n de materias primas naturales y reducir las emisiones contaminantes.<\/p>","protected":false},"excerpt":{"rendered":"<p>Bloc 20 Hojas<\/p>","protected":false},"featured_media":77737,"comment_status":"open","ping_status":"open","template":"","meta":{"inline_featured_image":false},"product_brand":[],"product_cat":[96],"product_tag":[],"class_list":{"0":"post-52793","1":"product","2":"type-product","3":"status-publish","4":"has-post-thumbnail","6":"product_cat-oficina-y-negocios","8":"first","9":"outofstock","10":"taxable","11":"shipping-taxable","12":"purchasable","13":"product-type-variable","14":"has-default-attributes"},"aioseo_notices":[],"_links":{"self":[{"href":"https:\/\/imprimeideas.es\/en\/wp-json\/wp\/v2\/product\/52793","targetHints":{"allow":["GET"]}}],"collection":[{"href":"https:\/\/imprimeideas.es\/en\/wp-json\/wp\/v2\/product"}],"about":[{"href":"https:\/\/imprimeideas.es\/en\/wp-json\/wp\/v2\/types\/product"}],"replies":[{"embeddable":true,"href":"https:\/\/imprimeideas.es\/en\/wp-json\/wp\/v2\/comments?post=52793"}],"version-history":[{"count":1,"href":"https:\/\/imprimeideas.es\/en\/wp-json\/wp\/v2\/product\/52793\/revisions"}],"predecessor-version":[{"id":58540,"href":"https:\/\/imprimeideas.es\/en\/wp-json\/wp\/v2\/product\/52793\/revisions\/58540"}],"wp:featuredmedia":[{"embeddable":true,"href":"https:\/\/imprimeideas.es\/en\/wp-json\/wp\/v2\/media\/77737"}],"wp:attachment":[{"href":"https:\/\/imprimeideas.es\/en\/wp-json\/wp\/v2\/media?parent=52793"}],"wp:term":[{"taxonomy":"product_brand","embeddable":true,"href":"https:\/\/imprimeideas.es\/en\/wp-json\/wp\/v2\/product_brand?post=52793"},{"taxonomy":"product_cat","embeddable":true,"href":"https:\/\/imprimeideas.es\/en\/wp-json\/wp\/v2\/product_cat?post=52793"},{"taxonomy":"product_tag","embeddable":true,"href":"https:\/\/imprimeideas.es\/en\/wp-json\/wp\/v2\/product_tag?post=52793"}],"curies":[{"name":"wp","href":"https:\/\/api.w.org\/{rel}","templated":true}]}}