{"id":52781,"date":"2026-02-24T12:47:50","date_gmt":"2026-02-24T11:47:50","guid":{"rendered":"https:\/\/imprimeideas.es\/?post_type=product&p=52781"},"modified":"2026-02-26T18:33:00","modified_gmt":"2026-02-26T17:33:00","slug":"vaso-termico-transil","status":"publish","type":"product","link":"https:\/\/imprimeideas.es\/en\/product\/vaso-termico-transil\/","title":{"rendered":"Vaso T\u00e9rmico Transil"},"content":{"rendered":"<p>Vaso t\u00e9rmico con 900 ml de capacidad con doble pared. Fabricado en Acero Inoxidable Reciclado. Cuenta con doble sistema de bebida: orificio con cierre herm\u00e9tico y pajita integrada, adapt\u00e1ndose a las preferencias de uso. Con tapa de sistema de sellado herm\u00e9tico. Incluye pr\u00e1ctica asa de transporte, ideal para transportarlo f\u00e1cilmente en cualquier situaci\u00f3n. Libre de BPA. Con distintivo de Acero Inoxidable Reciclado.<\/p>","protected":false},"excerpt":{"rendered":"<p>900 ml<\/p>","protected":false},"featured_media":65825,"comment_status":"open","ping_status":"open","template":"","meta":{"inline_featured_image":false},"product_brand":[],"product_cat":[2157,98,97],"product_tag":[],"class_list":{"0":"post-52781","1":"product","2":"type-product","3":"status-publish","4":"has-post-thumbnail","6":"product_cat-novedades","7":"product_cat-take-away","8":"product_cat-tazas-jarras-y-termos","10":"first","11":"instock","12":"taxable","13":"shipping-taxable","14":"purchasable","15":"product-type-variable","16":"has-default-attributes"},"aioseo_notices":[],"_links":{"self":[{"href":"https:\/\/imprimeideas.es\/en\/wp-json\/wp\/v2\/product\/52781","targetHints":{"allow":["GET"]}}],"collection":[{"href":"https:\/\/imprimeideas.es\/en\/wp-json\/wp\/v2\/product"}],"about":[{"href":"https:\/\/imprimeideas.es\/en\/wp-json\/wp\/v2\/types\/product"}],"replies":[{"embeddable":true,"href":"https:\/\/imprimeideas.es\/en\/wp-json\/wp\/v2\/comments?post=52781"}],"version-history":[{"count":1,"href":"https:\/\/imprimeideas.es\/en\/wp-json\/wp\/v2\/product\/52781\/revisions"}],"predecessor-version":[{"id":58537,"href":"https:\/\/imprimeideas.es\/en\/wp-json\/wp\/v2\/product\/52781\/revisions\/58537"}],"wp:featuredmedia":[{"embeddable":true,"href":"https:\/\/imprimeideas.es\/en\/wp-json\/wp\/v2\/media\/65825"}],"wp:attachment":[{"href":"https:\/\/imprimeideas.es\/en\/wp-json\/wp\/v2\/media?parent=52781"}],"wp:term":[{"taxonomy":"product_brand","embeddable":true,"href":"https:\/\/imprimeideas.es\/en\/wp-json\/wp\/v2\/product_brand?post=52781"},{"taxonomy":"product_cat","embeddable":true,"href":"https:\/\/imprimeideas.es\/en\/wp-json\/wp\/v2\/product_cat?post=52781"},{"taxonomy":"product_tag","embeddable":true,"href":"https:\/\/imprimeideas.es\/en\/wp-json\/wp\/v2\/product_tag?post=52781"}],"curies":[{"name":"wp","href":"https:\/\/api.w.org\/{rel}","templated":true}]}}