{"id":52775,"date":"2026-02-24T12:47:50","date_gmt":"2026-02-24T11:47:50","guid":{"rendered":"https:\/\/imprimeideas.es\/?post_type=product&p=52775"},"modified":"2026-02-26T18:42:30","modified_gmt":"2026-02-26T17:42:30","slug":"taza-termica-yukon","status":"publish","type":"product","link":"https:\/\/imprimeideas.es\/en\/product\/taza-termica-yukon\/","title":{"rendered":"Taza T\u00e9rmica Yukon"},"content":{"rendered":"<p>Taza t\u00e9rmica en Acero Inox Reciclado de doble pared y 900 ml de capacidad. Incluye tapadera con sistema de cierre a presi\u00f3n transl\u00facido y con orificio para beber y tapa deslizante para pajita. Es ideal para tener en tu escritorio, mesa o en cualquier superficie donde disfrutar tranquilamente de tu bebida favorita. Incluye distintivo de Acero Inox Reciclado.<\/p>","protected":false},"excerpt":{"rendered":"<p>900 ml<\/p>","protected":false},"featured_media":53805,"comment_status":"open","ping_status":"open","template":"","meta":{"inline_featured_image":false},"product_brand":[],"product_cat":[2157,97],"product_tag":[],"class_list":{"0":"post-52775","1":"product","2":"type-product","3":"status-publish","4":"has-post-thumbnail","6":"product_cat-novedades","7":"product_cat-tazas-jarras-y-termos","9":"first","10":"outofstock","11":"taxable","12":"shipping-taxable","13":"purchasable","14":"product-type-variable","15":"has-default-attributes"},"aioseo_notices":[],"_links":{"self":[{"href":"https:\/\/imprimeideas.es\/en\/wp-json\/wp\/v2\/product\/52775","targetHints":{"allow":["GET"]}}],"collection":[{"href":"https:\/\/imprimeideas.es\/en\/wp-json\/wp\/v2\/product"}],"about":[{"href":"https:\/\/imprimeideas.es\/en\/wp-json\/wp\/v2\/types\/product"}],"replies":[{"embeddable":true,"href":"https:\/\/imprimeideas.es\/en\/wp-json\/wp\/v2\/comments?post=52775"}],"version-history":[{"count":1,"href":"https:\/\/imprimeideas.es\/en\/wp-json\/wp\/v2\/product\/52775\/revisions"}],"predecessor-version":[{"id":58536,"href":"https:\/\/imprimeideas.es\/en\/wp-json\/wp\/v2\/product\/52775\/revisions\/58536"}],"wp:featuredmedia":[{"embeddable":true,"href":"https:\/\/imprimeideas.es\/en\/wp-json\/wp\/v2\/media\/53805"}],"wp:attachment":[{"href":"https:\/\/imprimeideas.es\/en\/wp-json\/wp\/v2\/media?parent=52775"}],"wp:term":[{"taxonomy":"product_brand","embeddable":true,"href":"https:\/\/imprimeideas.es\/en\/wp-json\/wp\/v2\/product_brand?post=52775"},{"taxonomy":"product_cat","embeddable":true,"href":"https:\/\/imprimeideas.es\/en\/wp-json\/wp\/v2\/product_cat?post=52775"},{"taxonomy":"product_tag","embeddable":true,"href":"https:\/\/imprimeideas.es\/en\/wp-json\/wp\/v2\/product_tag?post=52775"}],"curies":[{"name":"wp","href":"https:\/\/api.w.org\/{rel}","templated":true}]}}