{"id":52769,"date":"2026-02-24T12:47:49","date_gmt":"2026-02-24T11:47:49","guid":{"rendered":"https:\/\/imprimeideas.es\/?post_type=product&p=52769"},"modified":"2026-02-26T18:33:02","modified_gmt":"2026-02-26T17:33:02","slug":"taza-termica-gobby","status":"publish","type":"product","link":"https:\/\/imprimeideas.es\/en\/product\/taza-termica-gobby\/","title":{"rendered":"Taza T\u00e9rmica Gobby"},"content":{"rendered":"<p>Taza t\u00e9rmica en Acero Inox Reciclado de doble pared y 450 ml de capacidad. Incluye tapadera con sistema de cierre a presi\u00f3n transl\u00facido y con orificio para beber y tapa deslizante para pajita. Es ideal para tener en tu escritorio, mesa o en cualquier superficie donde disfrutar tranquilamente de tu bebida favorita. Incluye distintivo de Acero Inox Reciclado.<\/p>","protected":false},"excerpt":{"rendered":"<p>450 ml<\/p>","protected":false},"featured_media":58877,"comment_status":"open","ping_status":"open","template":"","meta":{"inline_featured_image":false},"product_brand":[],"product_cat":[97],"product_tag":[],"class_list":{"0":"post-52769","1":"product","2":"type-product","3":"status-publish","4":"has-post-thumbnail","6":"product_cat-tazas-jarras-y-termos","8":"first","9":"instock","10":"taxable","11":"shipping-taxable","12":"purchasable","13":"product-type-variable","14":"has-default-attributes"},"aioseo_notices":[],"_links":{"self":[{"href":"https:\/\/imprimeideas.es\/en\/wp-json\/wp\/v2\/product\/52769","targetHints":{"allow":["GET"]}}],"collection":[{"href":"https:\/\/imprimeideas.es\/en\/wp-json\/wp\/v2\/product"}],"about":[{"href":"https:\/\/imprimeideas.es\/en\/wp-json\/wp\/v2\/types\/product"}],"replies":[{"embeddable":true,"href":"https:\/\/imprimeideas.es\/en\/wp-json\/wp\/v2\/comments?post=52769"}],"version-history":[{"count":1,"href":"https:\/\/imprimeideas.es\/en\/wp-json\/wp\/v2\/product\/52769\/revisions"}],"predecessor-version":[{"id":58535,"href":"https:\/\/imprimeideas.es\/en\/wp-json\/wp\/v2\/product\/52769\/revisions\/58535"}],"wp:featuredmedia":[{"embeddable":true,"href":"https:\/\/imprimeideas.es\/en\/wp-json\/wp\/v2\/media\/58877"}],"wp:attachment":[{"href":"https:\/\/imprimeideas.es\/en\/wp-json\/wp\/v2\/media?parent=52769"}],"wp:term":[{"taxonomy":"product_brand","embeddable":true,"href":"https:\/\/imprimeideas.es\/en\/wp-json\/wp\/v2\/product_brand?post=52769"},{"taxonomy":"product_cat","embeddable":true,"href":"https:\/\/imprimeideas.es\/en\/wp-json\/wp\/v2\/product_cat?post=52769"},{"taxonomy":"product_tag","embeddable":true,"href":"https:\/\/imprimeideas.es\/en\/wp-json\/wp\/v2\/product_tag?post=52769"}],"curies":[{"name":"wp","href":"https:\/\/api.w.org\/{rel}","templated":true}]}}