{"id":52757,"date":"2026-02-24T12:47:47","date_gmt":"2026-02-24T11:47:47","guid":{"rendered":"https:\/\/imprimeideas.es\/?post_type=product&p=52757"},"modified":"2026-02-26T18:32:49","modified_gmt":"2026-02-26T17:32:49","slug":"bidon-termico-ninivek","status":"publish","type":"product","link":"https:\/\/imprimeideas.es\/en\/product\/bidon-termico-ninivek\/","title":{"rendered":"Bid\u00f3n T\u00e9rmico Ninivek"},"content":{"rendered":"<p>Bid\u00f3n t\u00e9rmico con 700 ml de capacidad. Fabricado en Acero Inoxidable Reciclado. Cuenta con doble pared y dos sistemas de bebida: orificio con cierre herm\u00e9tico con apertura en push y pajita integrada, adapt\u00e1ndose a las preferencias de uso. Con tapa de sistema de sellado herm\u00e9tico. Incluye pr\u00e1ctica asa de transporte integrada, ideal para llevarlo f\u00e1cilmente en cualquier situaci\u00f3n. Libre de BPA. Con distintivo Acero Inoxidable Reciclado.<\/p>","protected":false},"excerpt":{"rendered":"<p>700 ml<\/p>","protected":false},"featured_media":83156,"comment_status":"open","ping_status":"open","template":"","meta":{"inline_featured_image":false},"product_brand":[],"product_cat":[101,97],"product_tag":[],"class_list":{"0":"post-52757","1":"product","2":"type-product","3":"status-publish","4":"has-post-thumbnail","6":"product_cat-deporte-y-aventura","7":"product_cat-tazas-jarras-y-termos","9":"first","10":"outofstock","11":"taxable","12":"shipping-taxable","13":"purchasable","14":"product-type-variable","15":"has-default-attributes"},"aioseo_notices":[],"_links":{"self":[{"href":"https:\/\/imprimeideas.es\/en\/wp-json\/wp\/v2\/product\/52757","targetHints":{"allow":["GET"]}}],"collection":[{"href":"https:\/\/imprimeideas.es\/en\/wp-json\/wp\/v2\/product"}],"about":[{"href":"https:\/\/imprimeideas.es\/en\/wp-json\/wp\/v2\/types\/product"}],"replies":[{"embeddable":true,"href":"https:\/\/imprimeideas.es\/en\/wp-json\/wp\/v2\/comments?post=52757"}],"version-history":[{"count":1,"href":"https:\/\/imprimeideas.es\/en\/wp-json\/wp\/v2\/product\/52757\/revisions"}],"predecessor-version":[{"id":58533,"href":"https:\/\/imprimeideas.es\/en\/wp-json\/wp\/v2\/product\/52757\/revisions\/58533"}],"wp:featuredmedia":[{"embeddable":true,"href":"https:\/\/imprimeideas.es\/en\/wp-json\/wp\/v2\/media\/83156"}],"wp:attachment":[{"href":"https:\/\/imprimeideas.es\/en\/wp-json\/wp\/v2\/media?parent=52757"}],"wp:term":[{"taxonomy":"product_brand","embeddable":true,"href":"https:\/\/imprimeideas.es\/en\/wp-json\/wp\/v2\/product_brand?post=52757"},{"taxonomy":"product_cat","embeddable":true,"href":"https:\/\/imprimeideas.es\/en\/wp-json\/wp\/v2\/product_cat?post=52757"},{"taxonomy":"product_tag","embeddable":true,"href":"https:\/\/imprimeideas.es\/en\/wp-json\/wp\/v2\/product_tag?post=52757"}],"curies":[{"name":"wp","href":"https:\/\/api.w.org\/{rel}","templated":true}]}}