{"id":52743,"date":"2026-02-24T12:47:45","date_gmt":"2026-02-24T11:47:45","guid":{"rendered":"https:\/\/imprimeideas.es\/?post_type=product&p=52743"},"modified":"2026-02-26T18:42:31","modified_gmt":"2026-02-26T17:42:31","slug":"llavero-walnut","status":"publish","type":"product","link":"https:\/\/imprimeideas.es\/en\/product\/llavero-walnut\/","title":{"rendered":"Llavero Walnut"},"content":{"rendered":"<p>Llavero cord\u00f3n de poli\u00e9ster en color, ajustable en bamb\u00fa y anilla met\u00e1lica.<\/p>","protected":false},"excerpt":{"rendered":"<p>Llavero cord\u00f3n de poli\u00e9ster en color, ajustable en bamb\u00fa y anilla met\u00e1lica.<\/p>","protected":false},"featured_media":69712,"comment_status":"open","ping_status":"open","template":"","meta":{"inline_featured_image":false},"product_brand":[],"product_cat":[2157,106],"product_tag":[],"class_list":{"0":"post-52743","1":"product","2":"type-product","3":"status-publish","4":"has-post-thumbnail","6":"product_cat-novedades","7":"product_cat-regalos-y-premiums","9":"first","10":"outofstock","11":"taxable","12":"shipping-taxable","13":"purchasable","14":"product-type-variable","15":"has-default-attributes"},"aioseo_notices":[],"_links":{"self":[{"href":"https:\/\/imprimeideas.es\/en\/wp-json\/wp\/v2\/product\/52743","targetHints":{"allow":["GET"]}}],"collection":[{"href":"https:\/\/imprimeideas.es\/en\/wp-json\/wp\/v2\/product"}],"about":[{"href":"https:\/\/imprimeideas.es\/en\/wp-json\/wp\/v2\/types\/product"}],"replies":[{"embeddable":true,"href":"https:\/\/imprimeideas.es\/en\/wp-json\/wp\/v2\/comments?post=52743"}],"version-history":[{"count":1,"href":"https:\/\/imprimeideas.es\/en\/wp-json\/wp\/v2\/product\/52743\/revisions"}],"predecessor-version":[{"id":58529,"href":"https:\/\/imprimeideas.es\/en\/wp-json\/wp\/v2\/product\/52743\/revisions\/58529"}],"wp:featuredmedia":[{"embeddable":true,"href":"https:\/\/imprimeideas.es\/en\/wp-json\/wp\/v2\/media\/69712"}],"wp:attachment":[{"href":"https:\/\/imprimeideas.es\/en\/wp-json\/wp\/v2\/media?parent=52743"}],"wp:term":[{"taxonomy":"product_brand","embeddable":true,"href":"https:\/\/imprimeideas.es\/en\/wp-json\/wp\/v2\/product_brand?post=52743"},{"taxonomy":"product_cat","embeddable":true,"href":"https:\/\/imprimeideas.es\/en\/wp-json\/wp\/v2\/product_cat?post=52743"},{"taxonomy":"product_tag","embeddable":true,"href":"https:\/\/imprimeideas.es\/en\/wp-json\/wp\/v2\/product_tag?post=52743"}],"curies":[{"name":"wp","href":"https:\/\/api.w.org\/{rel}","templated":true}]}}