{"id":52733,"date":"2026-02-24T12:47:43","date_gmt":"2026-02-24T11:47:43","guid":{"rendered":"https:\/\/imprimeideas.es\/?post_type=product&p=52733"},"modified":"2026-02-26T18:28:05","modified_gmt":"2026-02-26T17:28:05","slug":"caja-lapices-siskin","status":"publish","type":"product","link":"https:\/\/imprimeideas.es\/en\/product\/caja-lapices-siskin\/","title":{"rendered":"Caja L\u00e1pices Siskin"},"content":{"rendered":"<p>Cajas de 4 l\u00e1pices de madera, con cuerpo hexagonal y minas en varios colores. Presentados en estuche de cart\u00f3n blanco con cierre de solapa. Dise\u00f1ado especialmente para grabado digital.<\/p>","protected":false},"excerpt":{"rendered":"<p>4 L\u00e1pices<\/p>","protected":false},"featured_media":82119,"comment_status":"open","ping_status":"open","template":"","meta":{"inline_featured_image":false},"product_brand":[],"product_cat":[2157,100,108],"product_tag":[],"class_list":{"0":"post-52733","1":"product","2":"type-product","3":"status-publish","4":"has-post-thumbnail","6":"product_cat-novedades","7":"product_cat-escritura","8":"product_cat-infantil","10":"first","11":"outofstock","12":"taxable","13":"shipping-taxable","14":"purchasable","15":"product-type-variable","16":"has-default-attributes"},"aioseo_notices":[],"_links":{"self":[{"href":"https:\/\/imprimeideas.es\/en\/wp-json\/wp\/v2\/product\/52733","targetHints":{"allow":["GET"]}}],"collection":[{"href":"https:\/\/imprimeideas.es\/en\/wp-json\/wp\/v2\/product"}],"about":[{"href":"https:\/\/imprimeideas.es\/en\/wp-json\/wp\/v2\/types\/product"}],"replies":[{"embeddable":true,"href":"https:\/\/imprimeideas.es\/en\/wp-json\/wp\/v2\/comments?post=52733"}],"version-history":[{"count":1,"href":"https:\/\/imprimeideas.es\/en\/wp-json\/wp\/v2\/product\/52733\/revisions"}],"predecessor-version":[{"id":58526,"href":"https:\/\/imprimeideas.es\/en\/wp-json\/wp\/v2\/product\/52733\/revisions\/58526"}],"wp:featuredmedia":[{"embeddable":true,"href":"https:\/\/imprimeideas.es\/en\/wp-json\/wp\/v2\/media\/82119"}],"wp:attachment":[{"href":"https:\/\/imprimeideas.es\/en\/wp-json\/wp\/v2\/media?parent=52733"}],"wp:term":[{"taxonomy":"product_brand","embeddable":true,"href":"https:\/\/imprimeideas.es\/en\/wp-json\/wp\/v2\/product_brand?post=52733"},{"taxonomy":"product_cat","embeddable":true,"href":"https:\/\/imprimeideas.es\/en\/wp-json\/wp\/v2\/product_cat?post=52733"},{"taxonomy":"product_tag","embeddable":true,"href":"https:\/\/imprimeideas.es\/en\/wp-json\/wp\/v2\/product_tag?post=52733"}],"curies":[{"name":"wp","href":"https:\/\/api.w.org\/{rel}","templated":true}]}}