{"id":52727,"date":"2026-02-24T12:47:42","date_gmt":"2026-02-24T11:47:42","guid":{"rendered":"https:\/\/imprimeideas.es\/?post_type=product&p=52727"},"modified":"2026-02-26T18:08:04","modified_gmt":"2026-02-26T17:08:04","slug":"llavero-peluche-cernil","status":"publish","type":"product","link":"https:\/\/imprimeideas.es\/en\/product\/llavero-peluche-cernil\/","title":{"rendered":"Llavero Peluche Cernil"},"content":{"rendered":"<p>Llavero cerdito de peluche con camiseta personalizable con anilla met\u00e1lica para f\u00e1cil transporte, ideal para sublimaci\u00f3n.<\/p>","protected":false},"excerpt":{"rendered":"<p>Llavero cerdito de peluche con camiseta personalizable con anilla met\u00e1lica para f\u00e1cil transporte, ideal para sublimaci\u00f3n.<\/p>","protected":false},"featured_media":80943,"comment_status":"open","ping_status":"open","template":"","meta":{"inline_featured_image":false},"product_brand":[],"product_cat":[108,115],"product_tag":[],"class_list":{"0":"post-52727","1":"product","2":"type-product","3":"status-publish","4":"has-post-thumbnail","6":"product_cat-infantil","7":"product_cat-sublimacion","9":"first","10":"instock","11":"taxable","12":"shipping-taxable","13":"purchasable","14":"product-type-variable","15":"has-default-attributes"},"aioseo_notices":[],"_links":{"self":[{"href":"https:\/\/imprimeideas.es\/en\/wp-json\/wp\/v2\/product\/52727","targetHints":{"allow":["GET"]}}],"collection":[{"href":"https:\/\/imprimeideas.es\/en\/wp-json\/wp\/v2\/product"}],"about":[{"href":"https:\/\/imprimeideas.es\/en\/wp-json\/wp\/v2\/types\/product"}],"replies":[{"embeddable":true,"href":"https:\/\/imprimeideas.es\/en\/wp-json\/wp\/v2\/comments?post=52727"}],"version-history":[{"count":1,"href":"https:\/\/imprimeideas.es\/en\/wp-json\/wp\/v2\/product\/52727\/revisions"}],"predecessor-version":[{"id":58523,"href":"https:\/\/imprimeideas.es\/en\/wp-json\/wp\/v2\/product\/52727\/revisions\/58523"}],"wp:featuredmedia":[{"embeddable":true,"href":"https:\/\/imprimeideas.es\/en\/wp-json\/wp\/v2\/media\/80943"}],"wp:attachment":[{"href":"https:\/\/imprimeideas.es\/en\/wp-json\/wp\/v2\/media?parent=52727"}],"wp:term":[{"taxonomy":"product_brand","embeddable":true,"href":"https:\/\/imprimeideas.es\/en\/wp-json\/wp\/v2\/product_brand?post=52727"},{"taxonomy":"product_cat","embeddable":true,"href":"https:\/\/imprimeideas.es\/en\/wp-json\/wp\/v2\/product_cat?post=52727"},{"taxonomy":"product_tag","embeddable":true,"href":"https:\/\/imprimeideas.es\/en\/wp-json\/wp\/v2\/product_tag?post=52727"}],"curies":[{"name":"wp","href":"https:\/\/api.w.org\/{rel}","templated":true}]}}