{"id":52723,"date":"2026-02-24T12:47:42","date_gmt":"2026-02-24T11:47:42","guid":{"rendered":"https:\/\/imprimeideas.es\/?post_type=product&p=52723"},"modified":"2026-02-26T18:37:29","modified_gmt":"2026-02-26T17:37:29","slug":"llavero-peluche-vireo","status":"publish","type":"product","link":"https:\/\/imprimeideas.es\/en\/product\/llavero-peluche-vireo\/","title":{"rendered":"Llavero Peluche Vireo"},"content":{"rendered":"<p>Llavero perrito de peluche con camiseta personalizable con anilla met\u00e1lica para f\u00e1cil transporte, ideal para sublimaci\u00f3n.<\/p>","protected":false},"excerpt":{"rendered":"<p>Llavero perrito de peluche con camiseta personalizable con anilla met\u00e1lica para f\u00e1cil transporte, ideal para sublimaci\u00f3n.<\/p>","protected":false},"featured_media":78371,"comment_status":"open","ping_status":"open","template":"","meta":{"inline_featured_image":false},"product_brand":[],"product_cat":[108,115],"product_tag":[],"class_list":{"0":"post-52723","1":"product","2":"type-product","3":"status-publish","4":"has-post-thumbnail","6":"product_cat-infantil","7":"product_cat-sublimacion","9":"first","10":"instock","11":"taxable","12":"shipping-taxable","13":"purchasable","14":"product-type-variable","15":"has-default-attributes"},"aioseo_notices":[],"_links":{"self":[{"href":"https:\/\/imprimeideas.es\/en\/wp-json\/wp\/v2\/product\/52723","targetHints":{"allow":["GET"]}}],"collection":[{"href":"https:\/\/imprimeideas.es\/en\/wp-json\/wp\/v2\/product"}],"about":[{"href":"https:\/\/imprimeideas.es\/en\/wp-json\/wp\/v2\/types\/product"}],"replies":[{"embeddable":true,"href":"https:\/\/imprimeideas.es\/en\/wp-json\/wp\/v2\/comments?post=52723"}],"version-history":[{"count":1,"href":"https:\/\/imprimeideas.es\/en\/wp-json\/wp\/v2\/product\/52723\/revisions"}],"predecessor-version":[{"id":58521,"href":"https:\/\/imprimeideas.es\/en\/wp-json\/wp\/v2\/product\/52723\/revisions\/58521"}],"wp:featuredmedia":[{"embeddable":true,"href":"https:\/\/imprimeideas.es\/en\/wp-json\/wp\/v2\/media\/78371"}],"wp:attachment":[{"href":"https:\/\/imprimeideas.es\/en\/wp-json\/wp\/v2\/media?parent=52723"}],"wp:term":[{"taxonomy":"product_brand","embeddable":true,"href":"https:\/\/imprimeideas.es\/en\/wp-json\/wp\/v2\/product_brand?post=52723"},{"taxonomy":"product_cat","embeddable":true,"href":"https:\/\/imprimeideas.es\/en\/wp-json\/wp\/v2\/product_cat?post=52723"},{"taxonomy":"product_tag","embeddable":true,"href":"https:\/\/imprimeideas.es\/en\/wp-json\/wp\/v2\/product_tag?post=52723"}],"curies":[{"name":"wp","href":"https:\/\/api.w.org\/{rel}","templated":true}]}}