{"id":52710,"date":"2026-02-24T12:47:40","date_gmt":"2026-02-24T11:47:40","guid":{"rendered":"https:\/\/imprimeideas.es\/?post_type=product&p=52710"},"modified":"2026-02-26T18:28:09","modified_gmt":"2026-02-26T17:28:09","slug":"boligrafo-multicolor-zorzal","status":"publish","type":"product","link":"https:\/\/imprimeideas.es\/en\/product\/boligrafo-multicolor-zorzal\/","title":{"rendered":"Bol\u00edgrafo Multicolor Zorzal"},"content":{"rendered":"<p>Bol\u00edgrafo multicolor fabricado en resistente ABS Reciclado.  Con empu\u00f1adura en acabado goma. 4 en 1 con mecanismo pulsador retr\u00e1ctil. De 4 cartuchos en tinta azul, roja, negra y verde. Con distintivo logotipo RABS.<\/p>","protected":false},"excerpt":{"rendered":"<p>4 Colores<\/p>","protected":false},"featured_media":75998,"comment_status":"open","ping_status":"open","template":"","meta":{"inline_featured_image":false},"product_brand":[],"product_cat":[2157,100,108],"product_tag":[],"class_list":{"0":"post-52710","1":"product","2":"type-product","3":"status-publish","4":"has-post-thumbnail","6":"product_cat-novedades","7":"product_cat-escritura","8":"product_cat-infantil","10":"first","11":"outofstock","12":"taxable","13":"shipping-taxable","14":"purchasable","15":"product-type-variable","16":"has-default-attributes"},"aioseo_notices":[],"_links":{"self":[{"href":"https:\/\/imprimeideas.es\/en\/wp-json\/wp\/v2\/product\/52710","targetHints":{"allow":["GET"]}}],"collection":[{"href":"https:\/\/imprimeideas.es\/en\/wp-json\/wp\/v2\/product"}],"about":[{"href":"https:\/\/imprimeideas.es\/en\/wp-json\/wp\/v2\/types\/product"}],"replies":[{"embeddable":true,"href":"https:\/\/imprimeideas.es\/en\/wp-json\/wp\/v2\/comments?post=52710"}],"version-history":[{"count":1,"href":"https:\/\/imprimeideas.es\/en\/wp-json\/wp\/v2\/product\/52710\/revisions"}],"predecessor-version":[{"id":58519,"href":"https:\/\/imprimeideas.es\/en\/wp-json\/wp\/v2\/product\/52710\/revisions\/58519"}],"wp:featuredmedia":[{"embeddable":true,"href":"https:\/\/imprimeideas.es\/en\/wp-json\/wp\/v2\/media\/75998"}],"wp:attachment":[{"href":"https:\/\/imprimeideas.es\/en\/wp-json\/wp\/v2\/media?parent=52710"}],"wp:term":[{"taxonomy":"product_brand","embeddable":true,"href":"https:\/\/imprimeideas.es\/en\/wp-json\/wp\/v2\/product_brand?post=52710"},{"taxonomy":"product_cat","embeddable":true,"href":"https:\/\/imprimeideas.es\/en\/wp-json\/wp\/v2\/product_cat?post=52710"},{"taxonomy":"product_tag","embeddable":true,"href":"https:\/\/imprimeideas.es\/en\/wp-json\/wp\/v2\/product_tag?post=52710"}],"curies":[{"name":"wp","href":"https:\/\/api.w.org\/{rel}","templated":true}]}}