{"id":52707,"date":"2026-02-24T12:47:39","date_gmt":"2026-02-24T11:47:39","guid":{"rendered":"https:\/\/imprimeideas.es\/?post_type=product&p=52707"},"modified":"2026-02-26T18:13:50","modified_gmt":"2026-02-26T17:13:50","slug":"identificador-maletas-hekla","status":"publish","type":"product","link":"https:\/\/imprimeideas.es\/en\/product\/identificador-maletas-hekla\/","title":{"rendered":"Identificador Maletas Hekla"},"content":{"rendered":"<p>Original identificador de maletas con dise\u00f1o de avi\u00f3n en resistente Aluminio Reciclado. Con cinta de acople en acero inoxidable con sistema de cierra en rosca y tarjeta de identificaci\u00f3n en ingl\u00e9s con los siguientes campos impresos; Addres, Tel, Name, E-mail. Logo AL Recycled grabado por l\u00e1ser.<\/p>","protected":false},"excerpt":{"rendered":"<p>Original identificador de maletas con dise\u00f1o de avi\u00f3n en resistente Aluminio Reciclado. Con cinta de acople en acero inoxidable con<\/p>","protected":false},"featured_media":78601,"comment_status":"open","ping_status":"open","template":"","meta":{"inline_featured_image":false},"product_brand":[],"product_cat":[103],"product_tag":[],"class_list":{"0":"post-52707","1":"product","2":"type-product","3":"status-publish","4":"has-post-thumbnail","6":"product_cat-viaje","8":"first","9":"instock","10":"taxable","11":"shipping-taxable","12":"purchasable","13":"product-type-variable","14":"has-default-attributes"},"aioseo_notices":[],"_links":{"self":[{"href":"https:\/\/imprimeideas.es\/en\/wp-json\/wp\/v2\/product\/52707","targetHints":{"allow":["GET"]}}],"collection":[{"href":"https:\/\/imprimeideas.es\/en\/wp-json\/wp\/v2\/product"}],"about":[{"href":"https:\/\/imprimeideas.es\/en\/wp-json\/wp\/v2\/types\/product"}],"replies":[{"embeddable":true,"href":"https:\/\/imprimeideas.es\/en\/wp-json\/wp\/v2\/comments?post=52707"}],"version-history":[{"count":1,"href":"https:\/\/imprimeideas.es\/en\/wp-json\/wp\/v2\/product\/52707\/revisions"}],"predecessor-version":[{"id":58518,"href":"https:\/\/imprimeideas.es\/en\/wp-json\/wp\/v2\/product\/52707\/revisions\/58518"}],"wp:featuredmedia":[{"embeddable":true,"href":"https:\/\/imprimeideas.es\/en\/wp-json\/wp\/v2\/media\/78601"}],"wp:attachment":[{"href":"https:\/\/imprimeideas.es\/en\/wp-json\/wp\/v2\/media?parent=52707"}],"wp:term":[{"taxonomy":"product_brand","embeddable":true,"href":"https:\/\/imprimeideas.es\/en\/wp-json\/wp\/v2\/product_brand?post=52707"},{"taxonomy":"product_cat","embeddable":true,"href":"https:\/\/imprimeideas.es\/en\/wp-json\/wp\/v2\/product_cat?post=52707"},{"taxonomy":"product_tag","embeddable":true,"href":"https:\/\/imprimeideas.es\/en\/wp-json\/wp\/v2\/product_tag?post=52707"}],"curies":[{"name":"wp","href":"https:\/\/api.w.org\/{rel}","templated":true}]}}