{"id":52700,"date":"2026-02-24T12:47:38","date_gmt":"2026-02-24T11:47:38","guid":{"rendered":"https:\/\/imprimeideas.es\/?post_type=product&p=52700"},"modified":"2026-02-26T18:23:26","modified_gmt":"2026-02-26T17:23:26","slug":"boligrafo-trombolix","status":"publish","type":"product","link":"https:\/\/imprimeideas.es\/en\/product\/boligrafo-trombolix\/","title":{"rendered":"Bol\u00edgrafo Trombolix"},"content":{"rendered":"<p>Bol\u00edgrafo de mecanismo pulsador. Acabado en aluminio reciclado gomoso, de cartucho jumbo y tinta azul. Dise\u00f1o especial para grabado l\u00e1ser con resultado en efecto espejo.Con distintivo logo de Aluminio Reciclado.<\/p>","protected":false},"excerpt":{"rendered":"<p>Carga Jumbo<\/p>","protected":false},"featured_media":71002,"comment_status":"open","ping_status":"open","template":"","meta":{"inline_featured_image":false},"product_brand":[],"product_cat":[100],"product_tag":[],"class_list":{"0":"post-52700","1":"product","2":"type-product","3":"status-publish","4":"has-post-thumbnail","6":"product_cat-escritura","8":"first","9":"instock","10":"taxable","11":"shipping-taxable","12":"purchasable","13":"product-type-variable","14":"has-default-attributes"},"aioseo_notices":[],"_links":{"self":[{"href":"https:\/\/imprimeideas.es\/en\/wp-json\/wp\/v2\/product\/52700","targetHints":{"allow":["GET"]}}],"collection":[{"href":"https:\/\/imprimeideas.es\/en\/wp-json\/wp\/v2\/product"}],"about":[{"href":"https:\/\/imprimeideas.es\/en\/wp-json\/wp\/v2\/types\/product"}],"replies":[{"embeddable":true,"href":"https:\/\/imprimeideas.es\/en\/wp-json\/wp\/v2\/comments?post=52700"}],"version-history":[{"count":1,"href":"https:\/\/imprimeideas.es\/en\/wp-json\/wp\/v2\/product\/52700\/revisions"}],"predecessor-version":[{"id":58517,"href":"https:\/\/imprimeideas.es\/en\/wp-json\/wp\/v2\/product\/52700\/revisions\/58517"}],"wp:featuredmedia":[{"embeddable":true,"href":"https:\/\/imprimeideas.es\/en\/wp-json\/wp\/v2\/media\/71002"}],"wp:attachment":[{"href":"https:\/\/imprimeideas.es\/en\/wp-json\/wp\/v2\/media?parent=52700"}],"wp:term":[{"taxonomy":"product_brand","embeddable":true,"href":"https:\/\/imprimeideas.es\/en\/wp-json\/wp\/v2\/product_brand?post=52700"},{"taxonomy":"product_cat","embeddable":true,"href":"https:\/\/imprimeideas.es\/en\/wp-json\/wp\/v2\/product_cat?post=52700"},{"taxonomy":"product_tag","embeddable":true,"href":"https:\/\/imprimeideas.es\/en\/wp-json\/wp\/v2\/product_tag?post=52700"}],"curies":[{"name":"wp","href":"https:\/\/api.w.org\/{rel}","templated":true}]}}