{"id":52682,"date":"2026-02-24T12:47:36","date_gmt":"2026-02-24T11:47:36","guid":{"rendered":"https:\/\/imprimeideas.es\/?post_type=product&p=52682"},"modified":"2026-02-26T18:37:32","modified_gmt":"2026-02-26T17:37:32","slug":"taza-shivak","status":"publish","type":"product","link":"https:\/\/imprimeideas.es\/en\/product\/taza-shivak\/","title":{"rendered":"Taza Shivak"},"content":{"rendered":"<p>Taza t\u00e9rmica con capacidad de 330 ml fabricada en cer\u00e1mica. Cuerpo en color mate e interior en acabado brillo con base con corcho, siendo este un excelente aislante t\u00e9rmico. Incluye tapa con funci\u00f3n antideslizante para disfrutar de tu bebida favorita. Con asa de agarre.<\/p>","protected":false},"excerpt":{"rendered":"<p>330 ml<\/p>","protected":false},"featured_media":63688,"comment_status":"open","ping_status":"open","template":"","meta":{"inline_featured_image":false},"product_brand":[],"product_cat":[2157,97],"product_tag":[],"class_list":{"0":"post-52682","1":"product","2":"type-product","3":"status-publish","4":"has-post-thumbnail","6":"product_cat-novedades","7":"product_cat-tazas-jarras-y-termos","9":"first","10":"outofstock","11":"taxable","12":"shipping-taxable","13":"purchasable","14":"product-type-variable","15":"has-default-attributes"},"aioseo_notices":[],"_links":{"self":[{"href":"https:\/\/imprimeideas.es\/en\/wp-json\/wp\/v2\/product\/52682","targetHints":{"allow":["GET"]}}],"collection":[{"href":"https:\/\/imprimeideas.es\/en\/wp-json\/wp\/v2\/product"}],"about":[{"href":"https:\/\/imprimeideas.es\/en\/wp-json\/wp\/v2\/types\/product"}],"replies":[{"embeddable":true,"href":"https:\/\/imprimeideas.es\/en\/wp-json\/wp\/v2\/comments?post=52682"}],"version-history":[{"count":1,"href":"https:\/\/imprimeideas.es\/en\/wp-json\/wp\/v2\/product\/52682\/revisions"}],"predecessor-version":[{"id":58514,"href":"https:\/\/imprimeideas.es\/en\/wp-json\/wp\/v2\/product\/52682\/revisions\/58514"}],"wp:featuredmedia":[{"embeddable":true,"href":"https:\/\/imprimeideas.es\/en\/wp-json\/wp\/v2\/media\/63688"}],"wp:attachment":[{"href":"https:\/\/imprimeideas.es\/en\/wp-json\/wp\/v2\/media?parent=52682"}],"wp:term":[{"taxonomy":"product_brand","embeddable":true,"href":"https:\/\/imprimeideas.es\/en\/wp-json\/wp\/v2\/product_brand?post=52682"},{"taxonomy":"product_cat","embeddable":true,"href":"https:\/\/imprimeideas.es\/en\/wp-json\/wp\/v2\/product_cat?post=52682"},{"taxonomy":"product_tag","embeddable":true,"href":"https:\/\/imprimeideas.es\/en\/wp-json\/wp\/v2\/product_tag?post=52682"}],"curies":[{"name":"wp","href":"https:\/\/api.w.org\/{rel}","templated":true}]}}