{"id":52673,"date":"2026-02-24T12:47:34","date_gmt":"2026-02-24T11:47:34","guid":{"rendered":"https:\/\/imprimeideas.es\/?post_type=product&p=52673"},"modified":"2026-02-26T18:32:55","modified_gmt":"2026-02-26T17:32:55","slug":"taza-ridot","status":"publish","type":"product","link":"https:\/\/imprimeideas.es\/en\/product\/taza-ridot\/","title":{"rendered":"Taza Ridot"},"content":{"rendered":"<p>Taza de cer\u00e1mica de 85ml de capacidad con dise\u00f1o vintage en acabado brillo. En elegante dise\u00f1o bicolor, interior en blanco y cuerpo en color en combinaci\u00f3n con el asa. Detalle en anilla color negro en el borde.<\/p>","protected":false},"excerpt":{"rendered":"<p>85 ml<\/p>","protected":false},"featured_media":60949,"comment_status":"open","ping_status":"open","template":"","meta":{"inline_featured_image":false},"product_brand":[],"product_cat":[2157,97,105],"product_tag":[],"class_list":{"0":"post-52673","1":"product","2":"type-product","3":"status-publish","4":"has-post-thumbnail","6":"product_cat-novedades","7":"product_cat-tazas-jarras-y-termos","8":"product_cat-vino-accesorios-de-bebida-y-hosteleria","10":"first","11":"outofstock","12":"taxable","13":"shipping-taxable","14":"purchasable","15":"product-type-variable","16":"has-default-attributes"},"aioseo_notices":[],"_links":{"self":[{"href":"https:\/\/imprimeideas.es\/en\/wp-json\/wp\/v2\/product\/52673","targetHints":{"allow":["GET"]}}],"collection":[{"href":"https:\/\/imprimeideas.es\/en\/wp-json\/wp\/v2\/product"}],"about":[{"href":"https:\/\/imprimeideas.es\/en\/wp-json\/wp\/v2\/types\/product"}],"replies":[{"embeddable":true,"href":"https:\/\/imprimeideas.es\/en\/wp-json\/wp\/v2\/comments?post=52673"}],"version-history":[{"count":1,"href":"https:\/\/imprimeideas.es\/en\/wp-json\/wp\/v2\/product\/52673\/revisions"}],"predecessor-version":[{"id":58512,"href":"https:\/\/imprimeideas.es\/en\/wp-json\/wp\/v2\/product\/52673\/revisions\/58512"}],"wp:featuredmedia":[{"embeddable":true,"href":"https:\/\/imprimeideas.es\/en\/wp-json\/wp\/v2\/media\/60949"}],"wp:attachment":[{"href":"https:\/\/imprimeideas.es\/en\/wp-json\/wp\/v2\/media?parent=52673"}],"wp:term":[{"taxonomy":"product_brand","embeddable":true,"href":"https:\/\/imprimeideas.es\/en\/wp-json\/wp\/v2\/product_brand?post=52673"},{"taxonomy":"product_cat","embeddable":true,"href":"https:\/\/imprimeideas.es\/en\/wp-json\/wp\/v2\/product_cat?post=52673"},{"taxonomy":"product_tag","embeddable":true,"href":"https:\/\/imprimeideas.es\/en\/wp-json\/wp\/v2\/product_tag?post=52673"}],"curies":[{"name":"wp","href":"https:\/\/api.w.org\/{rel}","templated":true}]}}