{"id":52667,"date":"2026-02-24T12:47:34","date_gmt":"2026-02-24T11:47:34","guid":{"rendered":"https:\/\/imprimeideas.es\/?post_type=product&p=52667"},"modified":"2026-02-26T18:23:18","modified_gmt":"2026-02-26T17:23:18","slug":"mochila-al-vacio-garnep","status":"publish","type":"product","link":"https:\/\/imprimeideas.es\/en\/product\/mochila-al-vacio-garnep\/","title":{"rendered":"Mochila al Vac\u00edo Garnep"},"content":{"rendered":"<p>Mochila al vac\u00edo con elegante dise\u00f1o en suave PU incluye bomba de vac\u00edo de 30W. Cuenta con un compartimento principal extensible, en el se encuentra un bolsillo interior de vac\u00edo, y bolsillos en malla. En la parte fontal dispone de un bolsillo acolchado para port\u00e1til de hasta 15?, y un bolsillo inferior. Laterales con hebillas para ajuste. Espalda y cintas acolchadas, y cinta para trolley.  Cintas con posibilidades de guardarse en un bolsillo, haciendo que tenga funci\u00f3n de maleta de mano. Ideal para viajes gracias a su gran capacidad y sus m\u00faltiples aplicaciones.<\/p>","protected":false},"excerpt":{"rendered":"<p>Parte Trasera y Cintas Acolchadas. Bomba de Vac\u00edo Incluida<\/p>","protected":false},"featured_media":53813,"comment_status":"open","ping_status":"open","template":"","meta":{"inline_featured_image":false},"product_brand":[],"product_cat":[2157,94,103],"product_tag":[],"class_list":{"0":"post-52667","1":"product","2":"type-product","3":"status-publish","4":"has-post-thumbnail","6":"product_cat-novedades","7":"product_cat-mochilas","8":"product_cat-viaje","10":"first","11":"outofstock","12":"taxable","13":"shipping-taxable","14":"purchasable","15":"product-type-variable","16":"has-default-attributes"},"aioseo_notices":[],"_links":{"self":[{"href":"https:\/\/imprimeideas.es\/en\/wp-json\/wp\/v2\/product\/52667","targetHints":{"allow":["GET"]}}],"collection":[{"href":"https:\/\/imprimeideas.es\/en\/wp-json\/wp\/v2\/product"}],"about":[{"href":"https:\/\/imprimeideas.es\/en\/wp-json\/wp\/v2\/types\/product"}],"replies":[{"embeddable":true,"href":"https:\/\/imprimeideas.es\/en\/wp-json\/wp\/v2\/comments?post=52667"}],"version-history":[{"count":1,"href":"https:\/\/imprimeideas.es\/en\/wp-json\/wp\/v2\/product\/52667\/revisions"}],"predecessor-version":[{"id":58509,"href":"https:\/\/imprimeideas.es\/en\/wp-json\/wp\/v2\/product\/52667\/revisions\/58509"}],"wp:featuredmedia":[{"embeddable":true,"href":"https:\/\/imprimeideas.es\/en\/wp-json\/wp\/v2\/media\/53813"}],"wp:attachment":[{"href":"https:\/\/imprimeideas.es\/en\/wp-json\/wp\/v2\/media?parent=52667"}],"wp:term":[{"taxonomy":"product_brand","embeddable":true,"href":"https:\/\/imprimeideas.es\/en\/wp-json\/wp\/v2\/product_brand?post=52667"},{"taxonomy":"product_cat","embeddable":true,"href":"https:\/\/imprimeideas.es\/en\/wp-json\/wp\/v2\/product_cat?post=52667"},{"taxonomy":"product_tag","embeddable":true,"href":"https:\/\/imprimeideas.es\/en\/wp-json\/wp\/v2\/product_tag?post=52667"}],"curies":[{"name":"wp","href":"https:\/\/api.w.org\/{rel}","templated":true}]}}