{"id":52659,"date":"2026-02-24T12:47:32","date_gmt":"2026-02-24T11:47:32","guid":{"rendered":"https:\/\/imprimeideas.es\/?post_type=product&p=52659"},"modified":"2026-02-26T18:19:16","modified_gmt":"2026-02-26T17:19:16","slug":"neceser-gerber","status":"publish","type":"product","link":"https:\/\/imprimeideas.es\/en\/product\/neceser-gerber\/","title":{"rendered":"Neceser Gerber"},"content":{"rendered":"<p>Neceser fabricado principalmente en algod\u00f3n reciclado  240 g\/ m2. Compartimento principal con cierre de cremallera. Con  original cord\u00f3n para f\u00e1cil transporte unido mediante una argolla plateada. Incluye etiqueta exterior con logotipo algod\u00f3n reciclado.<\/p>","protected":false},"excerpt":{"rendered":"<p>Neceser fabricado principalmente en algod\u00f3n reciclado 240 g\/ m2. Compartimento principal con cierre de cremallera. Con original cord\u00f3n para f\u00e1cil<\/p>","protected":false},"featured_media":73443,"comment_status":"open","ping_status":"open","template":"","meta":{"inline_featured_image":false},"product_brand":[],"product_cat":[2157,107,114],"product_tag":[],"class_list":{"0":"post-52659","1":"product","2":"type-product","3":"status-publish","4":"has-post-thumbnail","6":"product_cat-novedades","7":"product_cat-cuidado-personal-y-pharma","8":"product_cat-verano-y-playa","10":"first","11":"outofstock","12":"taxable","13":"shipping-taxable","14":"purchasable","15":"product-type-variable","16":"has-default-attributes"},"aioseo_notices":[],"_links":{"self":[{"href":"https:\/\/imprimeideas.es\/en\/wp-json\/wp\/v2\/product\/52659","targetHints":{"allow":["GET"]}}],"collection":[{"href":"https:\/\/imprimeideas.es\/en\/wp-json\/wp\/v2\/product"}],"about":[{"href":"https:\/\/imprimeideas.es\/en\/wp-json\/wp\/v2\/types\/product"}],"replies":[{"embeddable":true,"href":"https:\/\/imprimeideas.es\/en\/wp-json\/wp\/v2\/comments?post=52659"}],"version-history":[{"count":1,"href":"https:\/\/imprimeideas.es\/en\/wp-json\/wp\/v2\/product\/52659\/revisions"}],"predecessor-version":[{"id":58506,"href":"https:\/\/imprimeideas.es\/en\/wp-json\/wp\/v2\/product\/52659\/revisions\/58506"}],"wp:featuredmedia":[{"embeddable":true,"href":"https:\/\/imprimeideas.es\/en\/wp-json\/wp\/v2\/media\/73443"}],"wp:attachment":[{"href":"https:\/\/imprimeideas.es\/en\/wp-json\/wp\/v2\/media?parent=52659"}],"wp:term":[{"taxonomy":"product_brand","embeddable":true,"href":"https:\/\/imprimeideas.es\/en\/wp-json\/wp\/v2\/product_brand?post=52659"},{"taxonomy":"product_cat","embeddable":true,"href":"https:\/\/imprimeideas.es\/en\/wp-json\/wp\/v2\/product_cat?post=52659"},{"taxonomy":"product_tag","embeddable":true,"href":"https:\/\/imprimeideas.es\/en\/wp-json\/wp\/v2\/product_tag?post=52659"}],"curies":[{"name":"wp","href":"https:\/\/api.w.org\/{rel}","templated":true}]}}