{"id":52642,"date":"2026-02-24T12:47:30","date_gmt":"2026-02-24T11:47:30","guid":{"rendered":"https:\/\/imprimeideas.es\/?post_type=product&p=52642"},"modified":"2026-02-26T18:08:13","modified_gmt":"2026-02-26T17:08:13","slug":"sombrilla-zalea","status":"publish","type":"product","link":"https:\/\/imprimeideas.es\/en\/product\/sombrilla-zalea\/","title":{"rendered":"Sombrilla Zalea"},"content":{"rendered":"<p>Original sombrilla de madera y tela en papel. Con mango en madera natural en acabado brillante. Sistema de apertura y cierre manual, con di\u00e1metro de 58 cm las varillas est\u00e1n fabricadas en madera. Ideal para eventos al aire libre.Elaborado con elementos vegetales para as\u00ed fomentar la utilizaci\u00f3n de materias primas naturales y reducir las emisiones contaminantes.<\/p>","protected":false},"excerpt":{"rendered":"<p>Original sombrilla de madera y tela en papel. Con mango en madera natural en acabado brillante. Sistema de apertura y<\/p>","protected":false},"featured_media":78383,"comment_status":"open","ping_status":"open","template":"","meta":{"inline_featured_image":false},"product_brand":[],"product_cat":[113,114],"product_tag":[],"class_list":{"0":"post-52642","1":"product","2":"type-product","3":"status-publish","4":"has-post-thumbnail","6":"product_cat-eventos-y-fiesta","7":"product_cat-verano-y-playa","9":"first","10":"instock","11":"taxable","12":"shipping-taxable","13":"purchasable","14":"product-type-variable","15":"has-default-attributes"},"aioseo_notices":[],"_links":{"self":[{"href":"https:\/\/imprimeideas.es\/en\/wp-json\/wp\/v2\/product\/52642","targetHints":{"allow":["GET"]}}],"collection":[{"href":"https:\/\/imprimeideas.es\/en\/wp-json\/wp\/v2\/product"}],"about":[{"href":"https:\/\/imprimeideas.es\/en\/wp-json\/wp\/v2\/types\/product"}],"replies":[{"embeddable":true,"href":"https:\/\/imprimeideas.es\/en\/wp-json\/wp\/v2\/comments?post=52642"}],"version-history":[{"count":1,"href":"https:\/\/imprimeideas.es\/en\/wp-json\/wp\/v2\/product\/52642\/revisions"}],"predecessor-version":[{"id":58499,"href":"https:\/\/imprimeideas.es\/en\/wp-json\/wp\/v2\/product\/52642\/revisions\/58499"}],"wp:featuredmedia":[{"embeddable":true,"href":"https:\/\/imprimeideas.es\/en\/wp-json\/wp\/v2\/media\/78383"}],"wp:attachment":[{"href":"https:\/\/imprimeideas.es\/en\/wp-json\/wp\/v2\/media?parent=52642"}],"wp:term":[{"taxonomy":"product_brand","embeddable":true,"href":"https:\/\/imprimeideas.es\/en\/wp-json\/wp\/v2\/product_brand?post=52642"},{"taxonomy":"product_cat","embeddable":true,"href":"https:\/\/imprimeideas.es\/en\/wp-json\/wp\/v2\/product_cat?post=52642"},{"taxonomy":"product_tag","embeddable":true,"href":"https:\/\/imprimeideas.es\/en\/wp-json\/wp\/v2\/product_tag?post=52642"}],"curies":[{"name":"wp","href":"https:\/\/api.w.org\/{rel}","templated":true}]}}