{"id":52628,"date":"2026-02-24T12:47:27","date_gmt":"2026-02-24T11:47:27","guid":{"rendered":"https:\/\/imprimeideas.es\/?post_type=product&p=52628"},"modified":"2026-02-26T18:42:32","modified_gmt":"2026-02-26T17:42:32","slug":"gorro-tigar","status":"publish","type":"product","link":"https:\/\/imprimeideas.es\/en\/product\/gorro-tigar\/","title":{"rendered":"Gorro Tigar"},"content":{"rendered":"<p>Suave y c\u00e1lido gorro el\u00e1stico de punto, fabricado en material acr\u00edlico. Incluye c\u00f3modo dobladillo con parche en blanco en la parte frontal, dise\u00f1o especial para sublimaci\u00f3n.<\/p>","protected":false},"excerpt":{"rendered":"<p>Suave y c\u00e1lido gorro el\u00e1stico de punto, fabricado en material acr\u00edlico. Incluye c\u00f3modo dobladillo con parche en blanco en la<\/p>","protected":false},"featured_media":74428,"comment_status":"open","ping_status":"open","template":"","meta":{"inline_featured_image":false},"product_brand":[],"product_cat":[118,115],"product_tag":[],"class_list":{"0":"post-52628","1":"product","2":"type-product","3":"status-publish","4":"has-post-thumbnail","6":"product_cat-lluvia-y-frio","7":"product_cat-sublimacion","9":"first","10":"outofstock","11":"taxable","12":"shipping-taxable","13":"purchasable","14":"product-type-variable","15":"has-default-attributes"},"aioseo_notices":[],"_links":{"self":[{"href":"https:\/\/imprimeideas.es\/en\/wp-json\/wp\/v2\/product\/52628","targetHints":{"allow":["GET"]}}],"collection":[{"href":"https:\/\/imprimeideas.es\/en\/wp-json\/wp\/v2\/product"}],"about":[{"href":"https:\/\/imprimeideas.es\/en\/wp-json\/wp\/v2\/types\/product"}],"replies":[{"embeddable":true,"href":"https:\/\/imprimeideas.es\/en\/wp-json\/wp\/v2\/comments?post=52628"}],"version-history":[{"count":1,"href":"https:\/\/imprimeideas.es\/en\/wp-json\/wp\/v2\/product\/52628\/revisions"}],"predecessor-version":[{"id":58496,"href":"https:\/\/imprimeideas.es\/en\/wp-json\/wp\/v2\/product\/52628\/revisions\/58496"}],"wp:featuredmedia":[{"embeddable":true,"href":"https:\/\/imprimeideas.es\/en\/wp-json\/wp\/v2\/media\/74428"}],"wp:attachment":[{"href":"https:\/\/imprimeideas.es\/en\/wp-json\/wp\/v2\/media?parent=52628"}],"wp:term":[{"taxonomy":"product_brand","embeddable":true,"href":"https:\/\/imprimeideas.es\/en\/wp-json\/wp\/v2\/product_brand?post=52628"},{"taxonomy":"product_cat","embeddable":true,"href":"https:\/\/imprimeideas.es\/en\/wp-json\/wp\/v2\/product_cat?post=52628"},{"taxonomy":"product_tag","embeddable":true,"href":"https:\/\/imprimeideas.es\/en\/wp-json\/wp\/v2\/product_tag?post=52628"}],"curies":[{"name":"wp","href":"https:\/\/api.w.org\/{rel}","templated":true}]}}