{"id":52604,"date":"2026-02-24T12:47:24","date_gmt":"2026-02-24T11:47:24","guid":{"rendered":"https:\/\/imprimeideas.es\/?post_type=product&p=52604"},"modified":"2026-02-26T18:42:29","modified_gmt":"2026-02-26T17:42:29","slug":"power-bank-barian","status":"publish","type":"product","link":"https:\/\/imprimeideas.es\/en\/product\/power-bank-barian\/","title":{"rendered":"Power Bank Barian"},"content":{"rendered":"<p>Bater\u00eda auxiliar externa de 10.000 mAh fabricada en ABS Reciclado, con carga inal\u00e1mbrica de 15W para tecnolog\u00eda Qi, fijaci\u00f3n magn\u00e9tica Magsafe y entrada\/salida USB Tipo C. Indicadores LED de estado de carga, bot\u00f3n de encendido\/apagado y cable de carga Tipo C incluido. Funci\u00f3n de carga 3 en 1.<\/p>","protected":false},"excerpt":{"rendered":"<p>Inal\u00e1mbrico 15W. Magn\u00e9tico. 10000 mAh. 1 Salida USB. Salida y Entrada Tipo C<\/p>","protected":false},"featured_media":81626,"comment_status":"open","ping_status":"open","template":"","meta":{"inline_featured_image":false},"product_brand":[],"product_cat":[2157,95],"product_tag":[],"class_list":{"0":"post-52604","1":"product","2":"type-product","3":"status-publish","4":"has-post-thumbnail","6":"product_cat-novedades","7":"product_cat-tecnologia-y-accesorios","9":"first","10":"outofstock","11":"taxable","12":"shipping-taxable","13":"purchasable","14":"product-type-variable","15":"has-default-attributes"},"aioseo_notices":[],"_links":{"self":[{"href":"https:\/\/imprimeideas.es\/en\/wp-json\/wp\/v2\/product\/52604","targetHints":{"allow":["GET"]}}],"collection":[{"href":"https:\/\/imprimeideas.es\/en\/wp-json\/wp\/v2\/product"}],"about":[{"href":"https:\/\/imprimeideas.es\/en\/wp-json\/wp\/v2\/types\/product"}],"replies":[{"embeddable":true,"href":"https:\/\/imprimeideas.es\/en\/wp-json\/wp\/v2\/comments?post=52604"}],"version-history":[{"count":1,"href":"https:\/\/imprimeideas.es\/en\/wp-json\/wp\/v2\/product\/52604\/revisions"}],"predecessor-version":[{"id":58489,"href":"https:\/\/imprimeideas.es\/en\/wp-json\/wp\/v2\/product\/52604\/revisions\/58489"}],"wp:featuredmedia":[{"embeddable":true,"href":"https:\/\/imprimeideas.es\/en\/wp-json\/wp\/v2\/media\/81626"}],"wp:attachment":[{"href":"https:\/\/imprimeideas.es\/en\/wp-json\/wp\/v2\/media?parent=52604"}],"wp:term":[{"taxonomy":"product_brand","embeddable":true,"href":"https:\/\/imprimeideas.es\/en\/wp-json\/wp\/v2\/product_brand?post=52604"},{"taxonomy":"product_cat","embeddable":true,"href":"https:\/\/imprimeideas.es\/en\/wp-json\/wp\/v2\/product_cat?post=52604"},{"taxonomy":"product_tag","embeddable":true,"href":"https:\/\/imprimeideas.es\/en\/wp-json\/wp\/v2\/product_tag?post=52604"}],"curies":[{"name":"wp","href":"https:\/\/api.w.org\/{rel}","templated":true}]}}