{"id":52601,"date":"2026-02-24T12:47:23","date_gmt":"2026-02-24T11:47:23","guid":{"rendered":"https:\/\/imprimeideas.es\/?post_type=product&p=52601"},"modified":"2026-02-26T18:37:29","modified_gmt":"2026-02-26T17:37:29","slug":"auricular-traductor-cuita","status":"publish","type":"product","link":"https:\/\/imprimeideas.es\/en\/product\/auricular-traductor-cuita\/","title":{"rendered":"Auricular Traductor Cuita"},"content":{"rendered":"<p>Auriculares de traducci\u00f3n instant\u00e1nea con traducci\u00f3n en 133 idiomas. Cuenta con m\u00faltiples modos de funcionamiento:- Traducci\u00f3n simult\u00e1nea, los auriculares y el tel\u00e9fono se utilizan en conjunto para realizar traducciones en tiempo real.- Traductor autom\u00e1tico, detecta y traduce autom\u00e1ticamente el idioma hablado.- Modo de doble o\u00eddo, permite a dos personas usar un auricular cada una para mantener conversaciones traducidas al instante.Con sincronizaci\u00f3n autom\u00e1tica por Bluetooth, control de llamadas y m\u00fasica. Compatibilidad con la app exclusiva NebulaBuds para iOS y Android. Apto para ANC y ENC.<\/p>","protected":false},"excerpt":{"rendered":"<p>Conexi\u00f3n Bluetooth. Bater\u00eda 35 mAh\/ Base Carga 230 mAh<\/p>","protected":false},"featured_media":69098,"comment_status":"open","ping_status":"open","template":"","meta":{"inline_featured_image":false},"product_brand":[],"product_cat":[2157,95],"product_tag":[],"class_list":{"0":"post-52601","1":"product","2":"type-product","3":"status-publish","4":"has-post-thumbnail","6":"product_cat-novedades","7":"product_cat-tecnologia-y-accesorios","9":"first","10":"outofstock","11":"taxable","12":"shipping-taxable","13":"purchasable","14":"product-type-variable","15":"has-default-attributes"},"aioseo_notices":[],"_links":{"self":[{"href":"https:\/\/imprimeideas.es\/en\/wp-json\/wp\/v2\/product\/52601","targetHints":{"allow":["GET"]}}],"collection":[{"href":"https:\/\/imprimeideas.es\/en\/wp-json\/wp\/v2\/product"}],"about":[{"href":"https:\/\/imprimeideas.es\/en\/wp-json\/wp\/v2\/types\/product"}],"replies":[{"embeddable":true,"href":"https:\/\/imprimeideas.es\/en\/wp-json\/wp\/v2\/comments?post=52601"}],"version-history":[{"count":1,"href":"https:\/\/imprimeideas.es\/en\/wp-json\/wp\/v2\/product\/52601\/revisions"}],"predecessor-version":[{"id":58488,"href":"https:\/\/imprimeideas.es\/en\/wp-json\/wp\/v2\/product\/52601\/revisions\/58488"}],"wp:featuredmedia":[{"embeddable":true,"href":"https:\/\/imprimeideas.es\/en\/wp-json\/wp\/v2\/media\/69098"}],"wp:attachment":[{"href":"https:\/\/imprimeideas.es\/en\/wp-json\/wp\/v2\/media?parent=52601"}],"wp:term":[{"taxonomy":"product_brand","embeddable":true,"href":"https:\/\/imprimeideas.es\/en\/wp-json\/wp\/v2\/product_brand?post=52601"},{"taxonomy":"product_cat","embeddable":true,"href":"https:\/\/imprimeideas.es\/en\/wp-json\/wp\/v2\/product_cat?post=52601"},{"taxonomy":"product_tag","embeddable":true,"href":"https:\/\/imprimeideas.es\/en\/wp-json\/wp\/v2\/product_tag?post=52601"}],"curies":[{"name":"wp","href":"https:\/\/api.w.org\/{rel}","templated":true}]}}