{"id":52596,"date":"2026-02-24T12:47:23","date_gmt":"2026-02-24T11:47:23","guid":{"rendered":"https:\/\/imprimeideas.es\/?post_type=product&p=52596"},"modified":"2026-02-26T18:08:22","modified_gmt":"2026-02-26T17:08:22","slug":"lampara-trapix","status":"publish","type":"product","link":"https:\/\/imprimeideas.es\/en\/product\/lampara-trapix\/","title":{"rendered":"L\u00e1mpara Trapix"},"content":{"rendered":"<p>Original l\u00e1mpara bombilla con cuerpo en ABS en color.  Lampara en original forma de bombilla transparente con luz LED en X. Presenta 1 modo de luz ajustable, botones de ON\/OFF en acabado gomoso. Bater\u00eda recargable de 400mAh, incluye cable de carga USB-C. Adem\u00e1s, incluye pr\u00e1ctico y funcional mosquet\u00f3n para su f\u00e1cil transporte.<\/p>","protected":false},"excerpt":{"rendered":"<p>Intensidad de Luz Regulable. Bater\u00eda 400 mAh<\/p>","protected":false},"featured_media":83484,"comment_status":"open","ping_status":"open","template":"","meta":{"inline_featured_image":false},"product_brand":[],"product_cat":[101,110,106],"product_tag":[],"class_list":{"0":"post-52596","1":"product","2":"type-product","3":"status-publish","4":"has-post-thumbnail","6":"product_cat-deporte-y-aventura","7":"product_cat-herramientas-brico-y-automovil","8":"product_cat-regalos-y-premiums","10":"first","11":"outofstock","12":"taxable","13":"shipping-taxable","14":"purchasable","15":"product-type-variable","16":"has-default-attributes"},"aioseo_notices":[],"_links":{"self":[{"href":"https:\/\/imprimeideas.es\/en\/wp-json\/wp\/v2\/product\/52596","targetHints":{"allow":["GET"]}}],"collection":[{"href":"https:\/\/imprimeideas.es\/en\/wp-json\/wp\/v2\/product"}],"about":[{"href":"https:\/\/imprimeideas.es\/en\/wp-json\/wp\/v2\/types\/product"}],"replies":[{"embeddable":true,"href":"https:\/\/imprimeideas.es\/en\/wp-json\/wp\/v2\/comments?post=52596"}],"version-history":[{"count":1,"href":"https:\/\/imprimeideas.es\/en\/wp-json\/wp\/v2\/product\/52596\/revisions"}],"predecessor-version":[{"id":58487,"href":"https:\/\/imprimeideas.es\/en\/wp-json\/wp\/v2\/product\/52596\/revisions\/58487"}],"wp:featuredmedia":[{"embeddable":true,"href":"https:\/\/imprimeideas.es\/en\/wp-json\/wp\/v2\/media\/83484"}],"wp:attachment":[{"href":"https:\/\/imprimeideas.es\/en\/wp-json\/wp\/v2\/media?parent=52596"}],"wp:term":[{"taxonomy":"product_brand","embeddable":true,"href":"https:\/\/imprimeideas.es\/en\/wp-json\/wp\/v2\/product_brand?post=52596"},{"taxonomy":"product_cat","embeddable":true,"href":"https:\/\/imprimeideas.es\/en\/wp-json\/wp\/v2\/product_cat?post=52596"},{"taxonomy":"product_tag","embeddable":true,"href":"https:\/\/imprimeideas.es\/en\/wp-json\/wp\/v2\/product_tag?post=52596"}],"curies":[{"name":"wp","href":"https:\/\/api.w.org\/{rel}","templated":true}]}}