{"id":52584,"date":"2026-02-24T12:47:21","date_gmt":"2026-02-24T11:47:21","guid":{"rendered":"https:\/\/imprimeideas.es\/?post_type=product&p=52584"},"modified":"2026-02-26T18:28:07","modified_gmt":"2026-02-26T17:28:07","slug":"boligrafo-napiro","status":"publish","type":"product","link":"https:\/\/imprimeideas.es\/en\/product\/boligrafo-napiro\/","title":{"rendered":"Bol\u00edgrafo Napiro"},"content":{"rendered":"<p>Original bol\u00edgrafo fabricado en Aluminio Reciclado en acabado mate. Con empu\u00f1adura en ABS. De cartucho jumbo y en tinta azul. Con distintivo logo de Aluminio Reciclado.<\/p>","protected":false},"excerpt":{"rendered":"<p>Carga Jumbo<\/p>","protected":false},"featured_media":79921,"comment_status":"open","ping_status":"open","template":"","meta":{"inline_featured_image":false},"product_brand":[],"product_cat":[2157,100],"product_tag":[],"class_list":{"0":"post-52584","1":"product","2":"type-product","3":"status-publish","4":"has-post-thumbnail","6":"product_cat-novedades","7":"product_cat-escritura","9":"first","10":"outofstock","11":"taxable","12":"shipping-taxable","13":"purchasable","14":"product-type-variable","15":"has-default-attributes"},"aioseo_notices":[],"_links":{"self":[{"href":"https:\/\/imprimeideas.es\/en\/wp-json\/wp\/v2\/product\/52584","targetHints":{"allow":["GET"]}}],"collection":[{"href":"https:\/\/imprimeideas.es\/en\/wp-json\/wp\/v2\/product"}],"about":[{"href":"https:\/\/imprimeideas.es\/en\/wp-json\/wp\/v2\/types\/product"}],"replies":[{"embeddable":true,"href":"https:\/\/imprimeideas.es\/en\/wp-json\/wp\/v2\/comments?post=52584"}],"version-history":[{"count":1,"href":"https:\/\/imprimeideas.es\/en\/wp-json\/wp\/v2\/product\/52584\/revisions"}],"predecessor-version":[{"id":58484,"href":"https:\/\/imprimeideas.es\/en\/wp-json\/wp\/v2\/product\/52584\/revisions\/58484"}],"wp:featuredmedia":[{"embeddable":true,"href":"https:\/\/imprimeideas.es\/en\/wp-json\/wp\/v2\/media\/79921"}],"wp:attachment":[{"href":"https:\/\/imprimeideas.es\/en\/wp-json\/wp\/v2\/media?parent=52584"}],"wp:term":[{"taxonomy":"product_brand","embeddable":true,"href":"https:\/\/imprimeideas.es\/en\/wp-json\/wp\/v2\/product_brand?post=52584"},{"taxonomy":"product_cat","embeddable":true,"href":"https:\/\/imprimeideas.es\/en\/wp-json\/wp\/v2\/product_cat?post=52584"},{"taxonomy":"product_tag","embeddable":true,"href":"https:\/\/imprimeideas.es\/en\/wp-json\/wp\/v2\/product_tag?post=52584"}],"curies":[{"name":"wp","href":"https:\/\/api.w.org\/{rel}","templated":true}]}}