{"id":52577,"date":"2026-02-24T12:47:20","date_gmt":"2026-02-24T11:47:20","guid":{"rendered":"https:\/\/imprimeideas.es\/?post_type=product&p=52577"},"modified":"2026-02-26T18:23:18","modified_gmt":"2026-02-26T17:23:18","slug":"marcador-nivelador-golf-yonzor","status":"publish","type":"product","link":"https:\/\/imprimeideas.es\/en\/product\/marcador-nivelador-golf-yonzor\/","title":{"rendered":"Marcador Nivelador Golf Yonzor"},"content":{"rendered":"<p>Marcador Nivelador Golf con enganche magn\u00e9tico. Herramienta de alta precisi\u00f3n, marcador de pelota y medidor de pendiente de Golf.  En clip magn\u00e9tico imantado, para poder disfrutar del juego sin preocuparse por perderlo o llevarlo, ideal para llevarlo en la gorra gracias a su tama\u00f1o compacto.<\/p>","protected":false},"excerpt":{"rendered":"<p>Marcador Nivelador Golf con enganche magn\u00e9tico. Herramienta de alta precisi\u00f3n, marcador de pelota y medidor de pendiente de Golf. En<\/p>","protected":false},"featured_media":81085,"comment_status":"open","ping_status":"open","template":"","meta":{"inline_featured_image":false},"product_brand":[],"product_cat":[2157,101],"product_tag":[],"class_list":{"0":"post-52577","1":"product","2":"type-product","3":"status-publish","4":"has-post-thumbnail","6":"product_cat-novedades","7":"product_cat-deporte-y-aventura","9":"first","10":"instock","11":"taxable","12":"shipping-taxable","13":"purchasable","14":"product-type-variable","15":"has-default-attributes"},"aioseo_notices":[],"_links":{"self":[{"href":"https:\/\/imprimeideas.es\/en\/wp-json\/wp\/v2\/product\/52577","targetHints":{"allow":["GET"]}}],"collection":[{"href":"https:\/\/imprimeideas.es\/en\/wp-json\/wp\/v2\/product"}],"about":[{"href":"https:\/\/imprimeideas.es\/en\/wp-json\/wp\/v2\/types\/product"}],"replies":[{"embeddable":true,"href":"https:\/\/imprimeideas.es\/en\/wp-json\/wp\/v2\/comments?post=52577"}],"version-history":[{"count":1,"href":"https:\/\/imprimeideas.es\/en\/wp-json\/wp\/v2\/product\/52577\/revisions"}],"predecessor-version":[{"id":58435,"href":"https:\/\/imprimeideas.es\/en\/wp-json\/wp\/v2\/product\/52577\/revisions\/58435"}],"wp:featuredmedia":[{"embeddable":true,"href":"https:\/\/imprimeideas.es\/en\/wp-json\/wp\/v2\/media\/81085"}],"wp:attachment":[{"href":"https:\/\/imprimeideas.es\/en\/wp-json\/wp\/v2\/media?parent=52577"}],"wp:term":[{"taxonomy":"product_brand","embeddable":true,"href":"https:\/\/imprimeideas.es\/en\/wp-json\/wp\/v2\/product_brand?post=52577"},{"taxonomy":"product_cat","embeddable":true,"href":"https:\/\/imprimeideas.es\/en\/wp-json\/wp\/v2\/product_cat?post=52577"},{"taxonomy":"product_tag","embeddable":true,"href":"https:\/\/imprimeideas.es\/en\/wp-json\/wp\/v2\/product_tag?post=52577"}],"curies":[{"name":"wp","href":"https:\/\/api.w.org\/{rel}","templated":true}]}}