{"id":52575,"date":"2026-02-24T12:47:19","date_gmt":"2026-02-24T11:47:19","guid":{"rendered":"https:\/\/imprimeideas.es\/?post_type=product&p=52575"},"modified":"2026-02-26T18:37:32","modified_gmt":"2026-02-26T17:37:32","slug":"bloc-notas-pizarra-kudar","status":"publish","type":"product","link":"https:\/\/imprimeideas.es\/en\/product\/bloc-notas-pizarra-kudar\/","title":{"rendered":"Bloc Notas Pizarra Kudar"},"content":{"rendered":"<p>Bloc de notas pizarra en PU reciclado. Con pizarra en primera p\u00e1gina, incluye bol\u00edgrafo rotulador y borrador en tinta negra.  Con 80 hojas a disposici\u00f3n de una raya. Portada plegable con funci\u00f3n soporte, y cinta el\u00e1stica para cierre seguro.Ideal para tomar notas r\u00e1pidas, apuntes, crear dise\u00f1os en tu jornada laboral o en casa.Incluye distintitov logo PU Reciclado.<\/p>","protected":false},"excerpt":{"rendered":"<p>80 Hojas. Bol\u00edgrafo Rotulador Tinta Negra y Pa\u00f1o Limpiador Incluido<\/p>","protected":false},"featured_media":77818,"comment_status":"open","ping_status":"open","template":"","meta":{"inline_featured_image":false},"product_brand":[],"product_cat":[2157,108,96],"product_tag":[],"class_list":{"0":"post-52575","1":"product","2":"type-product","3":"status-publish","4":"has-post-thumbnail","6":"product_cat-novedades","7":"product_cat-infantil","8":"product_cat-oficina-y-negocios","10":"first","11":"instock","12":"taxable","13":"shipping-taxable","14":"purchasable","15":"product-type-variable","16":"has-default-attributes"},"aioseo_notices":[],"_links":{"self":[{"href":"https:\/\/imprimeideas.es\/en\/wp-json\/wp\/v2\/product\/52575","targetHints":{"allow":["GET"]}}],"collection":[{"href":"https:\/\/imprimeideas.es\/en\/wp-json\/wp\/v2\/product"}],"about":[{"href":"https:\/\/imprimeideas.es\/en\/wp-json\/wp\/v2\/types\/product"}],"replies":[{"embeddable":true,"href":"https:\/\/imprimeideas.es\/en\/wp-json\/wp\/v2\/comments?post=52575"}],"version-history":[{"count":1,"href":"https:\/\/imprimeideas.es\/en\/wp-json\/wp\/v2\/product\/52575\/revisions"}],"predecessor-version":[{"id":58421,"href":"https:\/\/imprimeideas.es\/en\/wp-json\/wp\/v2\/product\/52575\/revisions\/58421"}],"wp:featuredmedia":[{"embeddable":true,"href":"https:\/\/imprimeideas.es\/en\/wp-json\/wp\/v2\/media\/77818"}],"wp:attachment":[{"href":"https:\/\/imprimeideas.es\/en\/wp-json\/wp\/v2\/media?parent=52575"}],"wp:term":[{"taxonomy":"product_brand","embeddable":true,"href":"https:\/\/imprimeideas.es\/en\/wp-json\/wp\/v2\/product_brand?post=52575"},{"taxonomy":"product_cat","embeddable":true,"href":"https:\/\/imprimeideas.es\/en\/wp-json\/wp\/v2\/product_cat?post=52575"},{"taxonomy":"product_tag","embeddable":true,"href":"https:\/\/imprimeideas.es\/en\/wp-json\/wp\/v2\/product_tag?post=52575"}],"curies":[{"name":"wp","href":"https:\/\/api.w.org\/{rel}","templated":true}]}}