{"id":52573,"date":"2026-02-24T12:47:19","date_gmt":"2026-02-24T11:47:19","guid":{"rendered":"https:\/\/imprimeideas.es\/?post_type=product&p=52573"},"modified":"2026-02-26T18:13:41","modified_gmt":"2026-02-26T17:13:41","slug":"tarjetero-marvans","status":"publish","type":"product","link":"https:\/\/imprimeideas.es\/en\/product\/tarjetero-marvans\/","title":{"rendered":"Tarjetero Marvans"},"content":{"rendered":"<p>Tarjetero fabricado en PU reciclada. Capacidad hasta 10 tarjetas, con ingenioso mecanismo desliza y extrae de acceso a las tarjetas. Cierre magn\u00e9tico a trav\u00e9s de solapa. Contiene 4 compartimentos. Tecnolog\u00eda de seguridad RFID (Identificaci\u00f3n por Radio Frecuencia) que mantiene seguros tus dispositivos de transmisi\u00f3n de identidad. Distintivos RFID.<\/p>","protected":false},"excerpt":{"rendered":"<p>Protector RFID. 4 Compartimentos<\/p>","protected":false},"featured_media":58891,"comment_status":"open","ping_status":"open","template":"","meta":{"inline_featured_image":false},"product_brand":[],"product_cat":[2157,96,106],"product_tag":[],"class_list":{"0":"post-52573","1":"product","2":"type-product","3":"status-publish","4":"has-post-thumbnail","6":"product_cat-novedades","7":"product_cat-oficina-y-negocios","8":"product_cat-regalos-y-premiums","10":"first","11":"outofstock","12":"taxable","13":"shipping-taxable","14":"purchasable","15":"product-type-variable","16":"has-default-attributes"},"aioseo_notices":[],"_links":{"self":[{"href":"https:\/\/imprimeideas.es\/en\/wp-json\/wp\/v2\/product\/52573","targetHints":{"allow":["GET"]}}],"collection":[{"href":"https:\/\/imprimeideas.es\/en\/wp-json\/wp\/v2\/product"}],"about":[{"href":"https:\/\/imprimeideas.es\/en\/wp-json\/wp\/v2\/types\/product"}],"replies":[{"embeddable":true,"href":"https:\/\/imprimeideas.es\/en\/wp-json\/wp\/v2\/comments?post=52573"}],"version-history":[{"count":1,"href":"https:\/\/imprimeideas.es\/en\/wp-json\/wp\/v2\/product\/52573\/revisions"}],"predecessor-version":[{"id":58424,"href":"https:\/\/imprimeideas.es\/en\/wp-json\/wp\/v2\/product\/52573\/revisions\/58424"}],"wp:featuredmedia":[{"embeddable":true,"href":"https:\/\/imprimeideas.es\/en\/wp-json\/wp\/v2\/media\/58891"}],"wp:attachment":[{"href":"https:\/\/imprimeideas.es\/en\/wp-json\/wp\/v2\/media?parent=52573"}],"wp:term":[{"taxonomy":"product_brand","embeddable":true,"href":"https:\/\/imprimeideas.es\/en\/wp-json\/wp\/v2\/product_brand?post=52573"},{"taxonomy":"product_cat","embeddable":true,"href":"https:\/\/imprimeideas.es\/en\/wp-json\/wp\/v2\/product_cat?post=52573"},{"taxonomy":"product_tag","embeddable":true,"href":"https:\/\/imprimeideas.es\/en\/wp-json\/wp\/v2\/product_tag?post=52573"}],"curies":[{"name":"wp","href":"https:\/\/api.w.org\/{rel}","templated":true}]}}