{"id":52567,"date":"2026-02-24T12:47:18","date_gmt":"2026-02-24T11:47:18","guid":{"rendered":"https:\/\/imprimeideas.es\/?post_type=product&p=52567"},"modified":"2026-02-26T18:19:12","modified_gmt":"2026-02-26T17:19:12","slug":"proteccion-solar-torval","status":"publish","type":"product","link":"https:\/\/imprimeideas.es\/en\/product\/proteccion-solar-torval\/","title":{"rendered":"Protecci\u00f3n Solar Torval"},"content":{"rendered":"<p>Protecci\u00f3n solar SPF 30. Presentada en pr\u00e1ctico bote ovalado con cuerpo en color de 30 gr. Su formato c\u00f3modo y compacto permite reaplicar el stick solar en cualquier momento. Gracias a su ruleta se puede ajustar.<\/p>","protected":false},"excerpt":{"rendered":"<p>SPF30<\/p>","protected":false},"featured_media":81344,"comment_status":"open","ping_status":"open","template":"","meta":{"inline_featured_image":false},"product_brand":[],"product_cat":[2157,107,113,114],"product_tag":[],"class_list":{"0":"post-52567","1":"product","2":"type-product","3":"status-publish","4":"has-post-thumbnail","6":"product_cat-novedades","7":"product_cat-cuidado-personal-y-pharma","8":"product_cat-eventos-y-fiesta","9":"product_cat-verano-y-playa","11":"first","12":"outofstock","13":"taxable","14":"shipping-taxable","15":"purchasable","16":"product-type-variable","17":"has-default-attributes"},"aioseo_notices":[],"_links":{"self":[{"href":"https:\/\/imprimeideas.es\/en\/wp-json\/wp\/v2\/product\/52567","targetHints":{"allow":["GET"]}}],"collection":[{"href":"https:\/\/imprimeideas.es\/en\/wp-json\/wp\/v2\/product"}],"about":[{"href":"https:\/\/imprimeideas.es\/en\/wp-json\/wp\/v2\/types\/product"}],"replies":[{"embeddable":true,"href":"https:\/\/imprimeideas.es\/en\/wp-json\/wp\/v2\/comments?post=52567"}],"version-history":[{"count":1,"href":"https:\/\/imprimeideas.es\/en\/wp-json\/wp\/v2\/product\/52567\/revisions"}],"predecessor-version":[{"id":58329,"href":"https:\/\/imprimeideas.es\/en\/wp-json\/wp\/v2\/product\/52567\/revisions\/58329"}],"wp:featuredmedia":[{"embeddable":true,"href":"https:\/\/imprimeideas.es\/en\/wp-json\/wp\/v2\/media\/81344"}],"wp:attachment":[{"href":"https:\/\/imprimeideas.es\/en\/wp-json\/wp\/v2\/media?parent=52567"}],"wp:term":[{"taxonomy":"product_brand","embeddable":true,"href":"https:\/\/imprimeideas.es\/en\/wp-json\/wp\/v2\/product_brand?post=52567"},{"taxonomy":"product_cat","embeddable":true,"href":"https:\/\/imprimeideas.es\/en\/wp-json\/wp\/v2\/product_cat?post=52567"},{"taxonomy":"product_tag","embeddable":true,"href":"https:\/\/imprimeideas.es\/en\/wp-json\/wp\/v2\/product_tag?post=52567"}],"curies":[{"name":"wp","href":"https:\/\/api.w.org\/{rel}","templated":true}]}}