{"id":52564,"date":"2026-02-24T12:47:18","date_gmt":"2026-02-24T11:47:18","guid":{"rendered":"https:\/\/imprimeideas.es\/?post_type=product&p=52564"},"modified":"2026-02-26T18:32:51","modified_gmt":"2026-02-26T17:32:51","slug":"desodorante-nexar","status":"publish","type":"product","link":"https:\/\/imprimeideas.es\/en\/product\/desodorante-nexar\/","title":{"rendered":"Desodorante Nexar"},"content":{"rendered":"<p>Desodorante con sistema Roll On con capacidad 60ml. Estuche en PP r\u00edgido y tap\u00f3n de rosca. Aroma White Musk, fragancia unisex. Dermatol\u00f3gicamente testado.<\/p>","protected":false},"excerpt":{"rendered":"<p>60 ml. Unisex<\/p>","protected":false},"featured_media":77148,"comment_status":"open","ping_status":"open","template":"","meta":{"inline_featured_image":false},"product_brand":[],"product_cat":[2157,107,113,103],"product_tag":[],"class_list":{"0":"post-52564","1":"product","2":"type-product","3":"status-publish","4":"has-post-thumbnail","6":"product_cat-novedades","7":"product_cat-cuidado-personal-y-pharma","8":"product_cat-eventos-y-fiesta","9":"product_cat-viaje","11":"first","12":"outofstock","13":"taxable","14":"shipping-taxable","15":"purchasable","16":"product-type-variable","17":"has-default-attributes"},"aioseo_notices":[],"_links":{"self":[{"href":"https:\/\/imprimeideas.es\/en\/wp-json\/wp\/v2\/product\/52564","targetHints":{"allow":["GET"]}}],"collection":[{"href":"https:\/\/imprimeideas.es\/en\/wp-json\/wp\/v2\/product"}],"about":[{"href":"https:\/\/imprimeideas.es\/en\/wp-json\/wp\/v2\/types\/product"}],"replies":[{"embeddable":true,"href":"https:\/\/imprimeideas.es\/en\/wp-json\/wp\/v2\/comments?post=52564"}],"version-history":[{"count":1,"href":"https:\/\/imprimeideas.es\/en\/wp-json\/wp\/v2\/product\/52564\/revisions"}],"predecessor-version":[{"id":58328,"href":"https:\/\/imprimeideas.es\/en\/wp-json\/wp\/v2\/product\/52564\/revisions\/58328"}],"wp:featuredmedia":[{"embeddable":true,"href":"https:\/\/imprimeideas.es\/en\/wp-json\/wp\/v2\/media\/77148"}],"wp:attachment":[{"href":"https:\/\/imprimeideas.es\/en\/wp-json\/wp\/v2\/media?parent=52564"}],"wp:term":[{"taxonomy":"product_brand","embeddable":true,"href":"https:\/\/imprimeideas.es\/en\/wp-json\/wp\/v2\/product_brand?post=52564"},{"taxonomy":"product_cat","embeddable":true,"href":"https:\/\/imprimeideas.es\/en\/wp-json\/wp\/v2\/product_cat?post=52564"},{"taxonomy":"product_tag","embeddable":true,"href":"https:\/\/imprimeideas.es\/en\/wp-json\/wp\/v2\/product_tag?post=52564"}],"curies":[{"name":"wp","href":"https:\/\/api.w.org\/{rel}","templated":true}]}}