{"id":52540,"date":"2026-02-24T12:47:14","date_gmt":"2026-02-24T11:47:14","guid":{"rendered":"https:\/\/imprimeideas.es\/?post_type=product&p=52540"},"modified":"2026-02-26T18:08:14","modified_gmt":"2026-02-26T17:08:14","slug":"set-bekoran","status":"publish","type":"product","link":"https:\/\/imprimeideas.es\/en\/product\/set-bekoran\/","title":{"rendered":"Set Bekoran"},"content":{"rendered":"<p>Set bolsa, neceser y pareo fabricado principalmente en algod\u00f3n 180 g\/m\u00b2. Dise\u00f1o de rayas con diferentes grosores. Ideal para escapadas vacacionales. Bolsa con 2 bolsillos frontales de malla, con fuelle y asas en cord\u00f3n de algod\u00f3n trenzado. Suave pareo en combinaci\u00f3n. Su dise\u00f1o cuenta con una base en color y rayas blancas a conjunto con la bolsa. Incluye flecos en los extremos que a\u00f1aden un detalle decorativo y que completan su acabado.Neceser con compartimento principal de cierre de cremallera.<\/p>","protected":false},"excerpt":{"rendered":"<p>Bolsa, Neceser y Pareo<\/p>","protected":false},"featured_media":82709,"comment_status":"open","ping_status":"open","template":"","meta":{"inline_featured_image":false},"product_brand":[],"product_cat":[2157,114],"product_tag":[],"class_list":{"0":"post-52540","1":"product","2":"type-product","3":"status-publish","4":"has-post-thumbnail","6":"product_cat-novedades","7":"product_cat-verano-y-playa","9":"first","10":"outofstock","11":"taxable","12":"shipping-taxable","13":"purchasable","14":"product-type-variable","15":"has-default-attributes"},"aioseo_notices":[],"_links":{"self":[{"href":"https:\/\/imprimeideas.es\/en\/wp-json\/wp\/v2\/product\/52540","targetHints":{"allow":["GET"]}}],"collection":[{"href":"https:\/\/imprimeideas.es\/en\/wp-json\/wp\/v2\/product"}],"about":[{"href":"https:\/\/imprimeideas.es\/en\/wp-json\/wp\/v2\/types\/product"}],"replies":[{"embeddable":true,"href":"https:\/\/imprimeideas.es\/en\/wp-json\/wp\/v2\/comments?post=52540"}],"version-history":[{"count":1,"href":"https:\/\/imprimeideas.es\/en\/wp-json\/wp\/v2\/product\/52540\/revisions"}],"predecessor-version":[{"id":58316,"href":"https:\/\/imprimeideas.es\/en\/wp-json\/wp\/v2\/product\/52540\/revisions\/58316"}],"wp:featuredmedia":[{"embeddable":true,"href":"https:\/\/imprimeideas.es\/en\/wp-json\/wp\/v2\/media\/82709"}],"wp:attachment":[{"href":"https:\/\/imprimeideas.es\/en\/wp-json\/wp\/v2\/media?parent=52540"}],"wp:term":[{"taxonomy":"product_brand","embeddable":true,"href":"https:\/\/imprimeideas.es\/en\/wp-json\/wp\/v2\/product_brand?post=52540"},{"taxonomy":"product_cat","embeddable":true,"href":"https:\/\/imprimeideas.es\/en\/wp-json\/wp\/v2\/product_cat?post=52540"},{"taxonomy":"product_tag","embeddable":true,"href":"https:\/\/imprimeideas.es\/en\/wp-json\/wp\/v2\/product_tag?post=52540"}],"curies":[{"name":"wp","href":"https:\/\/api.w.org\/{rel}","templated":true}]}}