{"id":52531,"date":"2026-02-24T12:47:13","date_gmt":"2026-02-24T11:47:13","guid":{"rendered":"https:\/\/imprimeideas.es\/?post_type=product&p=52531"},"modified":"2026-02-26T18:42:27","modified_gmt":"2026-02-26T17:42:27","slug":"bloc-notas-suran","status":"publish","type":"product","link":"https:\/\/imprimeideas.es\/en\/product\/bloc-notas-suran\/","title":{"rendered":"Bloc Notas Suran"},"content":{"rendered":"<p>Bloc de notas en tama\u00f1o A5 con cubiertas r\u00edgidas y suaves, elaborado en PU reciclada y RPET. Marcap\u00e1ginas en cinta en tres colores diferentes (negro, rojo y gris) para f\u00e1cil planificaci\u00f3n del d\u00eda a d\u00eda y doble cinta el\u00e1stica de cierre a juego. Incluye 128 hojas color blanco con disposici\u00f3n a rayas y un pr\u00e1ctico bolsillo de papel para notas sueltas. Ideal para llevar un diario y mantener la planificaci\u00f3n durante todo el a\u00f1o. Con distintivo de PU Reciclado.La PU Reciclado destaca por su resistencia y elasticidad. Este material reciclado y reciclable es una opci\u00f3n sostenible que rescata las fibras desechadas en los procesos de fabricaci\u00f3n, minimizando as\u00ed el desperdicio de material y contribuyendo a su vez a reducir el impacto ambiental, manteniendo a la vez sus propiedades originales.<\/p>","protected":false},"excerpt":{"rendered":"<p>Portada R\u00edgida. 128 Hojas<\/p>","protected":false},"featured_media":74757,"comment_status":"open","ping_status":"open","template":"","meta":{"inline_featured_image":false},"product_brand":[],"product_cat":[2157,96],"product_tag":[],"class_list":{"0":"post-52531","1":"product","2":"type-product","3":"status-publish","4":"has-post-thumbnail","6":"product_cat-novedades","7":"product_cat-oficina-y-negocios","9":"first","10":"instock","11":"taxable","12":"shipping-taxable","13":"purchasable","14":"product-type-variable","15":"has-default-attributes"},"aioseo_notices":[],"_links":{"self":[{"href":"https:\/\/imprimeideas.es\/en\/wp-json\/wp\/v2\/product\/52531","targetHints":{"allow":["GET"]}}],"collection":[{"href":"https:\/\/imprimeideas.es\/en\/wp-json\/wp\/v2\/product"}],"about":[{"href":"https:\/\/imprimeideas.es\/en\/wp-json\/wp\/v2\/types\/product"}],"replies":[{"embeddable":true,"href":"https:\/\/imprimeideas.es\/en\/wp-json\/wp\/v2\/comments?post=52531"}],"version-history":[{"count":1,"href":"https:\/\/imprimeideas.es\/en\/wp-json\/wp\/v2\/product\/52531\/revisions"}],"predecessor-version":[{"id":58470,"href":"https:\/\/imprimeideas.es\/en\/wp-json\/wp\/v2\/product\/52531\/revisions\/58470"}],"wp:featuredmedia":[{"embeddable":true,"href":"https:\/\/imprimeideas.es\/en\/wp-json\/wp\/v2\/media\/74757"}],"wp:attachment":[{"href":"https:\/\/imprimeideas.es\/en\/wp-json\/wp\/v2\/media?parent=52531"}],"wp:term":[{"taxonomy":"product_brand","embeddable":true,"href":"https:\/\/imprimeideas.es\/en\/wp-json\/wp\/v2\/product_brand?post=52531"},{"taxonomy":"product_cat","embeddable":true,"href":"https:\/\/imprimeideas.es\/en\/wp-json\/wp\/v2\/product_cat?post=52531"},{"taxonomy":"product_tag","embeddable":true,"href":"https:\/\/imprimeideas.es\/en\/wp-json\/wp\/v2\/product_tag?post=52531"}],"curies":[{"name":"wp","href":"https:\/\/api.w.org\/{rel}","templated":true}]}}