{"id":52529,"date":"2026-02-24T12:47:12","date_gmt":"2026-02-24T11:47:12","guid":{"rendered":"https:\/\/imprimeideas.es\/?post_type=product&p=52529"},"modified":"2026-02-26T18:33:06","modified_gmt":"2026-02-26T17:33:06","slug":"bloc-notas-soporte-lemard","status":"publish","type":"product","link":"https:\/\/imprimeideas.es\/en\/product\/bloc-notas-soporte-lemard\/","title":{"rendered":"Bloc Notas Soporte Lemard"},"content":{"rendered":"<p>Bloc de notas soporte con tapas r\u00edgidas fabricado en RPET 600D. Vers\u00e1til soporte integrado en la portada. Incluye bol\u00edgrafo l\u00e1piz eterno. Contiene 96 hojas interiores a disposici\u00f3n de una raya. \u00a0Cuenta con el\u00e1stico de cierre. Con logotipo RPET.<\/p>","protected":false},"excerpt":{"rendered":"<p>Portada R\u00edgida. 96 Hojas. Bol\u00edgrafo L\u00e1piz Eterno Incluido<\/p>","protected":false},"featured_media":53872,"comment_status":"open","ping_status":"open","template":"","meta":{"inline_featured_image":false},"product_brand":[],"product_cat":[96],"product_tag":[],"class_list":{"0":"post-52529","1":"product","2":"type-product","3":"status-publish","4":"has-post-thumbnail","6":"product_cat-oficina-y-negocios","8":"first","9":"outofstock","10":"taxable","11":"shipping-taxable","12":"purchasable","13":"product-type-variable","14":"has-default-attributes"},"aioseo_notices":[],"_links":{"self":[{"href":"https:\/\/imprimeideas.es\/en\/wp-json\/wp\/v2\/product\/52529","targetHints":{"allow":["GET"]}}],"collection":[{"href":"https:\/\/imprimeideas.es\/en\/wp-json\/wp\/v2\/product"}],"about":[{"href":"https:\/\/imprimeideas.es\/en\/wp-json\/wp\/v2\/types\/product"}],"replies":[{"embeddable":true,"href":"https:\/\/imprimeideas.es\/en\/wp-json\/wp\/v2\/comments?post=52529"}],"version-history":[{"count":1,"href":"https:\/\/imprimeideas.es\/en\/wp-json\/wp\/v2\/product\/52529\/revisions"}],"predecessor-version":[{"id":58423,"href":"https:\/\/imprimeideas.es\/en\/wp-json\/wp\/v2\/product\/52529\/revisions\/58423"}],"wp:featuredmedia":[{"embeddable":true,"href":"https:\/\/imprimeideas.es\/en\/wp-json\/wp\/v2\/media\/53872"}],"wp:attachment":[{"href":"https:\/\/imprimeideas.es\/en\/wp-json\/wp\/v2\/media?parent=52529"}],"wp:term":[{"taxonomy":"product_brand","embeddable":true,"href":"https:\/\/imprimeideas.es\/en\/wp-json\/wp\/v2\/product_brand?post=52529"},{"taxonomy":"product_cat","embeddable":true,"href":"https:\/\/imprimeideas.es\/en\/wp-json\/wp\/v2\/product_cat?post=52529"},{"taxonomy":"product_tag","embeddable":true,"href":"https:\/\/imprimeideas.es\/en\/wp-json\/wp\/v2\/product_tag?post=52529"}],"curies":[{"name":"wp","href":"https:\/\/api.w.org\/{rel}","templated":true}]}}