{"id":52527,"date":"2026-02-24T12:47:12","date_gmt":"2026-02-24T11:47:12","guid":{"rendered":"https:\/\/imprimeideas.es\/?post_type=product&p=52527"},"modified":"2026-02-26T18:03:07","modified_gmt":"2026-02-26T17:03:07","slug":"placa-sublimacion-dirkal","status":"publish","type":"product","link":"https:\/\/imprimeideas.es\/en\/product\/placa-sublimacion-dirkal\/","title":{"rendered":"Placa Sublimaci\u00f3n Dirkal"},"content":{"rendered":"<p>Placa de pizarra, ideal para sublimaci\u00f3n. Incluye soportes de exposici\u00f3n en resistente ABS. Ideal para regalos personalizados, reconocimientos,premios y decoraci\u00f3n.<\/p>","protected":false},"excerpt":{"rendered":"<p>Placa de pizarra, ideal para sublimaci\u00f3n. Incluye soportes de exposici\u00f3n en resistente ABS. Ideal para regalos personalizados, reconocimientos,premios y decoraci\u00f3n.<\/p>","protected":false},"featured_media":76882,"comment_status":"open","ping_status":"open","template":"","meta":{"inline_featured_image":false},"product_brand":[],"product_cat":[104,106,115],"product_tag":[],"class_list":{"0":"post-52527","1":"product","2":"type-product","3":"status-publish","4":"has-post-thumbnail","6":"product_cat-hogar-y-decoracion","7":"product_cat-regalos-y-premiums","8":"product_cat-sublimacion","10":"first","11":"outofstock","12":"taxable","13":"shipping-taxable","14":"purchasable","15":"product-type-variable","16":"has-default-attributes"},"aioseo_notices":[],"_links":{"self":[{"href":"https:\/\/imprimeideas.es\/en\/wp-json\/wp\/v2\/product\/52527","targetHints":{"allow":["GET"]}}],"collection":[{"href":"https:\/\/imprimeideas.es\/en\/wp-json\/wp\/v2\/product"}],"about":[{"href":"https:\/\/imprimeideas.es\/en\/wp-json\/wp\/v2\/types\/product"}],"replies":[{"embeddable":true,"href":"https:\/\/imprimeideas.es\/en\/wp-json\/wp\/v2\/comments?post=52527"}],"version-history":[{"count":1,"href":"https:\/\/imprimeideas.es\/en\/wp-json\/wp\/v2\/product\/52527\/revisions"}],"predecessor-version":[{"id":58374,"href":"https:\/\/imprimeideas.es\/en\/wp-json\/wp\/v2\/product\/52527\/revisions\/58374"}],"wp:featuredmedia":[{"embeddable":true,"href":"https:\/\/imprimeideas.es\/en\/wp-json\/wp\/v2\/media\/76882"}],"wp:attachment":[{"href":"https:\/\/imprimeideas.es\/en\/wp-json\/wp\/v2\/media?parent=52527"}],"wp:term":[{"taxonomy":"product_brand","embeddable":true,"href":"https:\/\/imprimeideas.es\/en\/wp-json\/wp\/v2\/product_brand?post=52527"},{"taxonomy":"product_cat","embeddable":true,"href":"https:\/\/imprimeideas.es\/en\/wp-json\/wp\/v2\/product_cat?post=52527"},{"taxonomy":"product_tag","embeddable":true,"href":"https:\/\/imprimeideas.es\/en\/wp-json\/wp\/v2\/product_tag?post=52527"}],"curies":[{"name":"wp","href":"https:\/\/api.w.org\/{rel}","templated":true}]}}