{"id":52524,"date":"2026-02-24T12:47:11","date_gmt":"2026-02-24T11:47:11","guid":{"rendered":"https:\/\/imprimeideas.es\/?post_type=product&p=52524"},"modified":"2026-02-26T18:28:05","modified_gmt":"2026-02-26T17:28:05","slug":"soporte-varzar","status":"publish","type":"product","link":"https:\/\/imprimeideas.es\/en\/product\/soporte-varzar\/","title":{"rendered":"Soporte Varzar"},"content":{"rendered":"<p>Soporte magn\u00e9tico para tel\u00e9fono en ABS. Sujeci\u00f3n a trav\u00e9s de ventosa con bot\u00f3n de activar\/desactivar ON\/OFF. Incluye anillo met\u00e1lico magn\u00e9tico . Dispone de un soporte retr\u00e1ctil ajustable, ideal como soluci\u00f3n para asegurar tu dispositivo de forma estable y vers\u00e1til en cualquier superficie.<\/p>","protected":false},"excerpt":{"rendered":"<p>Magn\u00e9tico y Ventosa. Plegable. Altura y \u00c1ngulo Regulable<\/p>","protected":false},"featured_media":63074,"comment_status":"open","ping_status":"open","template":"","meta":{"inline_featured_image":false},"product_brand":[],"product_cat":[95],"product_tag":[],"class_list":{"0":"post-52524","1":"product","2":"type-product","3":"status-publish","4":"has-post-thumbnail","6":"product_cat-tecnologia-y-accesorios","8":"first","9":"instock","10":"taxable","11":"shipping-taxable","12":"purchasable","13":"product-type-variable","14":"has-default-attributes"},"aioseo_notices":[],"_links":{"self":[{"href":"https:\/\/imprimeideas.es\/en\/wp-json\/wp\/v2\/product\/52524","targetHints":{"allow":["GET"]}}],"collection":[{"href":"https:\/\/imprimeideas.es\/en\/wp-json\/wp\/v2\/product"}],"about":[{"href":"https:\/\/imprimeideas.es\/en\/wp-json\/wp\/v2\/types\/product"}],"replies":[{"embeddable":true,"href":"https:\/\/imprimeideas.es\/en\/wp-json\/wp\/v2\/comments?post=52524"}],"version-history":[{"count":1,"href":"https:\/\/imprimeideas.es\/en\/wp-json\/wp\/v2\/product\/52524\/revisions"}],"predecessor-version":[{"id":58431,"href":"https:\/\/imprimeideas.es\/en\/wp-json\/wp\/v2\/product\/52524\/revisions\/58431"}],"wp:featuredmedia":[{"embeddable":true,"href":"https:\/\/imprimeideas.es\/en\/wp-json\/wp\/v2\/media\/63074"}],"wp:attachment":[{"href":"https:\/\/imprimeideas.es\/en\/wp-json\/wp\/v2\/media?parent=52524"}],"wp:term":[{"taxonomy":"product_brand","embeddable":true,"href":"https:\/\/imprimeideas.es\/en\/wp-json\/wp\/v2\/product_brand?post=52524"},{"taxonomy":"product_cat","embeddable":true,"href":"https:\/\/imprimeideas.es\/en\/wp-json\/wp\/v2\/product_cat?post=52524"},{"taxonomy":"product_tag","embeddable":true,"href":"https:\/\/imprimeideas.es\/en\/wp-json\/wp\/v2\/product_tag?post=52524"}],"curies":[{"name":"wp","href":"https:\/\/api.w.org\/{rel}","templated":true}]}}