{"id":52520,"date":"2026-02-24T12:47:11","date_gmt":"2026-02-24T11:47:11","guid":{"rendered":"https:\/\/imprimeideas.es\/?post_type=product&p=52520"},"modified":"2026-02-26T18:13:37","modified_gmt":"2026-02-26T17:13:37","slug":"infusor-pershok","status":"publish","type":"product","link":"https:\/\/imprimeideas.es\/en\/product\/infusor-pershok\/","title":{"rendered":"Infusor Pershok"},"content":{"rendered":"<p>Infusor de t\u00e9 de acero inoxidable con gancho original en PP.Dise\u00f1ado para colgarse f\u00e1cilmente en el borde de tu taza, permiti\u00e9ndote disfrutar de tu infusi\u00f3n con comodidad y estilo.<\/p>","protected":false},"excerpt":{"rendered":"<p>Infusor de t\u00e9 de acero inoxidable con gancho original en PP.Dise\u00f1ado para colgarse f\u00e1cilmente en el borde de tu taza,<\/p>","protected":false},"featured_media":77269,"comment_status":"open","ping_status":"open","template":"","meta":{"inline_featured_image":false},"product_brand":[],"product_cat":[104],"product_tag":[],"class_list":{"0":"post-52520","1":"product","2":"type-product","3":"status-publish","4":"has-post-thumbnail","6":"product_cat-hogar-y-decoracion","8":"first","9":"instock","10":"taxable","11":"shipping-taxable","12":"purchasable","13":"product-type-variable","14":"has-default-attributes"},"aioseo_notices":[],"_links":{"self":[{"href":"https:\/\/imprimeideas.es\/en\/wp-json\/wp\/v2\/product\/52520","targetHints":{"allow":["GET"]}}],"collection":[{"href":"https:\/\/imprimeideas.es\/en\/wp-json\/wp\/v2\/product"}],"about":[{"href":"https:\/\/imprimeideas.es\/en\/wp-json\/wp\/v2\/types\/product"}],"replies":[{"embeddable":true,"href":"https:\/\/imprimeideas.es\/en\/wp-json\/wp\/v2\/comments?post=52520"}],"version-history":[{"count":1,"href":"https:\/\/imprimeideas.es\/en\/wp-json\/wp\/v2\/product\/52520\/revisions"}],"predecessor-version":[{"id":58432,"href":"https:\/\/imprimeideas.es\/en\/wp-json\/wp\/v2\/product\/52520\/revisions\/58432"}],"wp:featuredmedia":[{"embeddable":true,"href":"https:\/\/imprimeideas.es\/en\/wp-json\/wp\/v2\/media\/77269"}],"wp:attachment":[{"href":"https:\/\/imprimeideas.es\/en\/wp-json\/wp\/v2\/media?parent=52520"}],"wp:term":[{"taxonomy":"product_brand","embeddable":true,"href":"https:\/\/imprimeideas.es\/en\/wp-json\/wp\/v2\/product_brand?post=52520"},{"taxonomy":"product_cat","embeddable":true,"href":"https:\/\/imprimeideas.es\/en\/wp-json\/wp\/v2\/product_cat?post=52520"},{"taxonomy":"product_tag","embeddable":true,"href":"https:\/\/imprimeideas.es\/en\/wp-json\/wp\/v2\/product_tag?post=52520"}],"curies":[{"name":"wp","href":"https:\/\/api.w.org\/{rel}","templated":true}]}}