{"id":52499,"date":"2026-02-24T12:47:08","date_gmt":"2026-02-24T11:47:08","guid":{"rendered":"https:\/\/imprimeideas.es\/?post_type=product&p=52499"},"modified":"2026-02-26T18:37:28","modified_gmt":"2026-02-26T17:37:28","slug":"boligrafo-senar","status":"publish","type":"product","link":"https:\/\/imprimeideas.es\/en\/product\/boligrafo-senar\/","title":{"rendered":"Bol\u00edgrafo Senar"},"content":{"rendered":"<p>Bol\u00edgrafo de mecanismo pulsador en resistente ABS. Fabricado en elegante dise\u00f1o con accesorio cromado, con pulsador, clip y punta en combinaci\u00f3n. En tinta negra.<\/p>","protected":false},"excerpt":{"rendered":"<p>Tinta Negra<\/p>","protected":false},"featured_media":73427,"comment_status":"open","ping_status":"open","template":"","meta":{"inline_featured_image":false},"product_brand":[],"product_cat":[100],"product_tag":[],"class_list":{"0":"post-52499","1":"product","2":"type-product","3":"status-publish","4":"has-post-thumbnail","6":"product_cat-escritura","8":"first","9":"outofstock","10":"taxable","11":"shipping-taxable","12":"purchasable","13":"product-type-variable","14":"has-default-attributes"},"aioseo_notices":[],"_links":{"self":[{"href":"https:\/\/imprimeideas.es\/en\/wp-json\/wp\/v2\/product\/52499","targetHints":{"allow":["GET"]}}],"collection":[{"href":"https:\/\/imprimeideas.es\/en\/wp-json\/wp\/v2\/product"}],"about":[{"href":"https:\/\/imprimeideas.es\/en\/wp-json\/wp\/v2\/types\/product"}],"replies":[{"embeddable":true,"href":"https:\/\/imprimeideas.es\/en\/wp-json\/wp\/v2\/comments?post=52499"}],"version-history":[{"count":1,"href":"https:\/\/imprimeideas.es\/en\/wp-json\/wp\/v2\/product\/52499\/revisions"}],"predecessor-version":[{"id":58428,"href":"https:\/\/imprimeideas.es\/en\/wp-json\/wp\/v2\/product\/52499\/revisions\/58428"}],"wp:featuredmedia":[{"embeddable":true,"href":"https:\/\/imprimeideas.es\/en\/wp-json\/wp\/v2\/media\/73427"}],"wp:attachment":[{"href":"https:\/\/imprimeideas.es\/en\/wp-json\/wp\/v2\/media?parent=52499"}],"wp:term":[{"taxonomy":"product_brand","embeddable":true,"href":"https:\/\/imprimeideas.es\/en\/wp-json\/wp\/v2\/product_brand?post=52499"},{"taxonomy":"product_cat","embeddable":true,"href":"https:\/\/imprimeideas.es\/en\/wp-json\/wp\/v2\/product_cat?post=52499"},{"taxonomy":"product_tag","embeddable":true,"href":"https:\/\/imprimeideas.es\/en\/wp-json\/wp\/v2\/product_tag?post=52499"}],"curies":[{"name":"wp","href":"https:\/\/api.w.org\/{rel}","templated":true}]}}