{"id":52488,"date":"2026-02-24T12:47:06","date_gmt":"2026-02-24T11:47:06","guid":{"rendered":"https:\/\/imprimeideas.es\/?post_type=product&p=52488"},"modified":"2026-02-26T18:27:58","modified_gmt":"2026-02-26T17:27:58","slug":"boligrafo-jarnor","status":"publish","type":"product","link":"https:\/\/imprimeideas.es\/en\/product\/boligrafo-jarnor\/","title":{"rendered":"Bol\u00edgrafo Jarnor"},"content":{"rendered":"<p>Bol\u00edgrafo de acabado metalizado. Con mecanismo pulsador y punta retr\u00e1ctil, cl\u00e1sico cartucho interior en tinta azul.  Con clip metalizado y mitad de cuerpo en color s\u00f3lido brillante.<\/p>","protected":false},"excerpt":{"rendered":"<p>Bol\u00edgrafo de acabado metalizado. Con mecanismo pulsador y punta retr\u00e1ctil, cl\u00e1sico cartucho interior en tinta azul. Con clip metalizado y<\/p>","protected":false},"featured_media":71255,"comment_status":"open","ping_status":"open","template":"","meta":{"inline_featured_image":false},"product_brand":[],"product_cat":[2157,100],"product_tag":[],"class_list":{"0":"post-52488","1":"product","2":"type-product","3":"status-publish","4":"has-post-thumbnail","6":"product_cat-novedades","7":"product_cat-escritura","9":"first","10":"instock","11":"taxable","12":"shipping-taxable","13":"purchasable","14":"product-type-variable","15":"has-default-attributes"},"aioseo_notices":[],"_links":{"self":[{"href":"https:\/\/imprimeideas.es\/en\/wp-json\/wp\/v2\/product\/52488","targetHints":{"allow":["GET"]}}],"collection":[{"href":"https:\/\/imprimeideas.es\/en\/wp-json\/wp\/v2\/product"}],"about":[{"href":"https:\/\/imprimeideas.es\/en\/wp-json\/wp\/v2\/types\/product"}],"replies":[{"embeddable":true,"href":"https:\/\/imprimeideas.es\/en\/wp-json\/wp\/v2\/comments?post=52488"}],"version-history":[{"count":1,"href":"https:\/\/imprimeideas.es\/en\/wp-json\/wp\/v2\/product\/52488\/revisions"}],"predecessor-version":[{"id":58353,"href":"https:\/\/imprimeideas.es\/en\/wp-json\/wp\/v2\/product\/52488\/revisions\/58353"}],"wp:featuredmedia":[{"embeddable":true,"href":"https:\/\/imprimeideas.es\/en\/wp-json\/wp\/v2\/media\/71255"}],"wp:attachment":[{"href":"https:\/\/imprimeideas.es\/en\/wp-json\/wp\/v2\/media?parent=52488"}],"wp:term":[{"taxonomy":"product_brand","embeddable":true,"href":"https:\/\/imprimeideas.es\/en\/wp-json\/wp\/v2\/product_brand?post=52488"},{"taxonomy":"product_cat","embeddable":true,"href":"https:\/\/imprimeideas.es\/en\/wp-json\/wp\/v2\/product_cat?post=52488"},{"taxonomy":"product_tag","embeddable":true,"href":"https:\/\/imprimeideas.es\/en\/wp-json\/wp\/v2\/product_tag?post=52488"}],"curies":[{"name":"wp","href":"https:\/\/api.w.org\/{rel}","templated":true}]}}