{"id":52473,"date":"2026-02-24T12:47:03","date_gmt":"2026-02-24T11:47:03","guid":{"rendered":"https:\/\/imprimeideas.es\/?post_type=product&p=52473"},"modified":"2026-02-26T18:08:21","modified_gmt":"2026-02-26T17:08:21","slug":"boligrafo-multicolor-reggan","status":"publish","type":"product","link":"https:\/\/imprimeideas.es\/en\/product\/boligrafo-multicolor-reggan\/","title":{"rendered":"Bol\u00edgrafo Multicolor Reggan"},"content":{"rendered":"<p>Bol\u00edgrafo multicolor con marcador incluido fabricado en ABS.  Este instrumento de escritura ofrece una variada paleta de colores en un solo bol\u00edgrafo, con una selecci\u00f3n de 4 colores diferentes adapt\u00e1ndose a cualquier tarea. Capucha del subrayador transl\u00facida.<\/p>","protected":false},"excerpt":{"rendered":"<p>4 Colores. Marcador Incluido<\/p>","protected":false},"featured_media":79562,"comment_status":"open","ping_status":"open","template":"","meta":{"inline_featured_image":false},"product_brand":[],"product_cat":[2157,100],"product_tag":[],"class_list":{"0":"post-52473","1":"product","2":"type-product","3":"status-publish","4":"has-post-thumbnail","6":"product_cat-novedades","7":"product_cat-escritura","9":"first","10":"instock","11":"taxable","12":"shipping-taxable","13":"purchasable","14":"product-type-variable","15":"has-default-attributes"},"aioseo_notices":[],"_links":{"self":[{"href":"https:\/\/imprimeideas.es\/en\/wp-json\/wp\/v2\/product\/52473","targetHints":{"allow":["GET"]}}],"collection":[{"href":"https:\/\/imprimeideas.es\/en\/wp-json\/wp\/v2\/product"}],"about":[{"href":"https:\/\/imprimeideas.es\/en\/wp-json\/wp\/v2\/types\/product"}],"replies":[{"embeddable":true,"href":"https:\/\/imprimeideas.es\/en\/wp-json\/wp\/v2\/comments?post=52473"}],"version-history":[{"count":1,"href":"https:\/\/imprimeideas.es\/en\/wp-json\/wp\/v2\/product\/52473\/revisions"}],"predecessor-version":[{"id":58426,"href":"https:\/\/imprimeideas.es\/en\/wp-json\/wp\/v2\/product\/52473\/revisions\/58426"}],"wp:featuredmedia":[{"embeddable":true,"href":"https:\/\/imprimeideas.es\/en\/wp-json\/wp\/v2\/media\/79562"}],"wp:attachment":[{"href":"https:\/\/imprimeideas.es\/en\/wp-json\/wp\/v2\/media?parent=52473"}],"wp:term":[{"taxonomy":"product_brand","embeddable":true,"href":"https:\/\/imprimeideas.es\/en\/wp-json\/wp\/v2\/product_brand?post=52473"},{"taxonomy":"product_cat","embeddable":true,"href":"https:\/\/imprimeideas.es\/en\/wp-json\/wp\/v2\/product_cat?post=52473"},{"taxonomy":"product_tag","embeddable":true,"href":"https:\/\/imprimeideas.es\/en\/wp-json\/wp\/v2\/product_tag?post=52473"}],"curies":[{"name":"wp","href":"https:\/\/api.w.org\/{rel}","templated":true}]}}