{"id":52443,"date":"2026-02-24T12:46:59","date_gmt":"2026-02-24T11:46:59","guid":{"rendered":"https:\/\/imprimeideas.es\/?post_type=product&p=52443"},"modified":"2026-02-26T18:13:55","modified_gmt":"2026-02-26T17:13:55","slug":"boligrafo-nilor","status":"publish","type":"product","link":"https:\/\/imprimeideas.es\/en\/product\/boligrafo-nilor\/","title":{"rendered":"Bol\u00edgrafo Nilor"},"content":{"rendered":"<p>Bol\u00edgrafo fabricado en bamb\u00fa en combinaci\u00f3n con ca\u00f1a de trigo. De mecanismo pulsador y tinta azul. Incluye distintivo Wheat Straw.<\/p>","protected":false},"excerpt":{"rendered":"<p>Bol\u00edgrafo fabricado en bamb\u00fa en combinaci\u00f3n con ca\u00f1a de trigo. De mecanismo pulsador y tinta azul. Incluye distintivo Wheat Straw.<\/p>","protected":false},"featured_media":78845,"comment_status":"open","ping_status":"open","template":"","meta":{"inline_featured_image":false},"product_brand":[],"product_cat":[100],"product_tag":[],"class_list":{"0":"post-52443","1":"product","2":"type-product","3":"status-publish","4":"has-post-thumbnail","6":"product_cat-escritura","8":"first","9":"outofstock","10":"taxable","11":"shipping-taxable","12":"purchasable","13":"product-type-variable","14":"has-default-attributes"},"aioseo_notices":[],"_links":{"self":[{"href":"https:\/\/imprimeideas.es\/en\/wp-json\/wp\/v2\/product\/52443","targetHints":{"allow":["GET"]}}],"collection":[{"href":"https:\/\/imprimeideas.es\/en\/wp-json\/wp\/v2\/product"}],"about":[{"href":"https:\/\/imprimeideas.es\/en\/wp-json\/wp\/v2\/types\/product"}],"replies":[{"embeddable":true,"href":"https:\/\/imprimeideas.es\/en\/wp-json\/wp\/v2\/comments?post=52443"}],"version-history":[{"count":1,"href":"https:\/\/imprimeideas.es\/en\/wp-json\/wp\/v2\/product\/52443\/revisions"}],"predecessor-version":[{"id":58468,"href":"https:\/\/imprimeideas.es\/en\/wp-json\/wp\/v2\/product\/52443\/revisions\/58468"}],"wp:featuredmedia":[{"embeddable":true,"href":"https:\/\/imprimeideas.es\/en\/wp-json\/wp\/v2\/media\/78845"}],"wp:attachment":[{"href":"https:\/\/imprimeideas.es\/en\/wp-json\/wp\/v2\/media?parent=52443"}],"wp:term":[{"taxonomy":"product_brand","embeddable":true,"href":"https:\/\/imprimeideas.es\/en\/wp-json\/wp\/v2\/product_brand?post=52443"},{"taxonomy":"product_cat","embeddable":true,"href":"https:\/\/imprimeideas.es\/en\/wp-json\/wp\/v2\/product_cat?post=52443"},{"taxonomy":"product_tag","embeddable":true,"href":"https:\/\/imprimeideas.es\/en\/wp-json\/wp\/v2\/product_tag?post=52443"}],"curies":[{"name":"wp","href":"https:\/\/api.w.org\/{rel}","templated":true}]}}